{"id":759,"date":"2014-06-18T17:37:13","date_gmt":"2014-06-18T15:37:13","guid":{"rendered":"http:\/\/www.sonnencamping.de\/?page_id=759"},"modified":"2025-08-13T12:46:22","modified_gmt":"2025-08-13T10:46:22","slug":"vrije-tijd","status":"publish","type":"page","link":"https:\/\/www.sonnencamping.de\/nl\/vrije-tijd\/","title":{"rendered":"Vrije tijd"},"content":{"rendered":"<div id='full_slider_1'  class='avia-fullwidth-slider main_color avia-shadow   avia-builder-el-0  el_before_av_heading  avia-builder-el-first   container_wrap sidebar_right'  ><div  class='avia-slideshow av-9v9f-f64a7c972c1be6c6c12e24d257153200 avia-slideshow-featured av_slideshow_full avia-slide-slider av-slideshow-ui av-control-default av-slideshow-manual av-loop-once av-loop-manual-endless av-default-height-applied   avia-slideshow-1' data-slideshow-options=\"{&quot;animation&quot;:&quot;slide&quot;,&quot;autoplay&quot;:false,&quot;loop_autoplay&quot;:&quot;once&quot;,&quot;interval&quot;:5,&quot;loop_manual&quot;:&quot;manual-endless&quot;,&quot;autoplay_stopper&quot;:false,&quot;noNavigation&quot;:false,&quot;bg_slider&quot;:false,&quot;keep_padding&quot;:false,&quot;hoverpause&quot;:false,&quot;show_slide_delay&quot;:0}\"  itemprop=\"image\" itemscope=\"itemscope\" itemtype=\"https:\/\/schema.org\/ImageObject\" ><ul class='avia-slideshow-inner ' style='padding-bottom: 29.586260733802%;'><li  class='avia-slideshow-slide av-9v9f-f64a7c972c1be6c6c12e24d257153200__0  av-single-slide slide-1 slide-odd'><div data-rel='slideshow-1' class='avia-slide-wrap '   ><img decoding=\"async\" fetchpriority=\"high\" class=\"wp-image-6047 avia-img-lazy-loading-not-6047\"  src=\"https:\/\/www.sonnencamping.de\/wp-content\/uploads\/2019\/03\/Header_sommer.jpg\" width=\"1281\" height=\"379\" title='Zomer activiteiten' alt=''  itemprop=\"thumbnailUrl\" srcset=\"https:\/\/www.sonnencamping.de\/wp-content\/uploads\/2019\/03\/Header_sommer.jpg 1281w, https:\/\/www.sonnencamping.de\/wp-content\/uploads\/2019\/03\/Header_sommer-300x89.jpg 300w, https:\/\/www.sonnencamping.de\/wp-content\/uploads\/2019\/03\/Header_sommer-768x227.jpg 768w, https:\/\/www.sonnencamping.de\/wp-content\/uploads\/2019\/03\/Header_sommer-1030x305.jpg 1030w, https:\/\/www.sonnencamping.de\/wp-content\/uploads\/2019\/03\/Header_sommer-705x209.jpg 705w, https:\/\/www.sonnencamping.de\/wp-content\/uploads\/2019\/03\/Header_sommer-450x133.jpg 450w\" sizes=\"(max-width: 1281px) 100vw, 1281px\" \/><\/div><\/li><\/ul><\/div><\/div><div id='after_full_slider_1'  class='main_color av_default_container_wrap container_wrap sidebar_right'  ><div class='container av-section-cont-open' ><div class='template-page content  av-content-small alpha units'><div class='post-entry post-entry-type-page post-entry-759'><div class='entry-content-wrapper clearfix'>\n\n<style type=\"text\/css\" data-created_by=\"avia_inline_auto\" id=\"style-css-av-av_heading-3cec283c33ca62e80ba57f795751e321\">\n#top .av-special-heading.av-av_heading-3cec283c33ca62e80ba57f795751e321{\npadding-bottom:10px;\n}\nbody .av-special-heading.av-av_heading-3cec283c33ca62e80ba57f795751e321 .av-special-heading-tag .heading-char{\nfont-size:25px;\n}\n.av-special-heading.av-av_heading-3cec283c33ca62e80ba57f795751e321 .av-subheading{\nfont-size:15px;\n}\n<\/style>\n<div  class='av-special-heading av-av_heading-3cec283c33ca62e80ba57f795751e321 av-special-heading-h1  avia-builder-el-1  el_after_av_slideshow_full  el_before_av_two_third  avia-builder-el-first  av-linked-heading'><h1 class='av-special-heading-tag '  itemprop=\"headline\"  >Vrije tijd<\/h1><div class=\"special-heading-border\"><div class=\"special-heading-inner-border\"><\/div><\/div><\/div>\n\n<style type=\"text\/css\" data-created_by=\"avia_inline_auto\" id=\"style-css-av-56qr-5f2163209fe3e19492380bb381cdab41\">\n.flex_column.av-56qr-5f2163209fe3e19492380bb381cdab41{\nborder-radius:0px 0px 0px 0px;\npadding:0px 0px 0px 0px;\n}\n<\/style>\n<div  class='flex_column av-56qr-5f2163209fe3e19492380bb381cdab41 av_two_third  avia-builder-el-2  el_after_av_heading  el_before_av_one_third  first flex_column_div av-zero-column-padding  '     ><section  class='av_textblock_section av-jtfzp6te-8c812f97913202f8d9dfbc5a82ae7590 '   itemscope=\"itemscope\" itemtype=\"https:\/\/schema.org\/CreativeWork\" ><div class='avia_textblock'  itemprop=\"text\" ><div class=\"full_body\">\n<p>In de onmiddellijke nabijheid van de camping bieden de Schw\u00e4bische Alb met haar afwisselend landschap, het natuurpark Obere Donau, maar ook het slechts op 60 km liggende Bodenmeer onbeperkte vrijetijdsmogelijk-heden voor sport- en natuurliefhebbers.<\/p>\n<p>Wandelaars kunnen zich verheugen op acht zomer en twee winter premiumwandelpaden, de <a href=\"https:\/\/www.youtube.com\/embed\/0p-jcow1Q64\" target=\"_blank\" rel=\"noopener\">Traufg\u00e4nge<\/a>, die gemakkelijk te bereiken zijn vanaf de camping.<\/p>\n<p>Of wellnessbad, klimmpark of fiets park, culturele of toeristische plaatsen of outlet shopping: Sonnencamping Albstadt is een ideaal uitgangspunt om de vele activiteiten in het gebied te ontdekken.<\/p>\n<\/div>\n<\/div><\/section><br \/>\n<div id='av-masonry-1' class='av-masonry av-jtfzy4cl-97210f49c8e0d803dadf0948ea84b737 noHover av-fixed-size av-1px-gap av-hover-overlay- av-masonry-animation-active av-masonry-col-3 av-caption-always av-caption-style- av-masonry-gallery ' data-post_id=\"759\"><div class=\"av-masonry-container isotope av-js-disabled\"><div class='av-masonry-entry isotope-item av-masonry-item-no-image '><\/div><a href=\"https:\/\/www.sonnencamping.de\/nl\/zomer\/\"  aria-label=\"afbeelding Mountainbiking\"  target=\"_blank\" rel=\"noopener noreferrer\" id='av-masonry-1-item-4926' data-av-masonry-item='4926' class='av-masonry-entry isotope-item post-4926 attachment type-attachment status-inherit hentry  av-masonry-item-with-image' title=\"Mountainbiking\" alt=\"\"  data-av-masonry-custom-link=\"https:\/\/www.sonnencamping.de\/nl\/zomer\/\"  itemprop=\"thumbnailUrl\" ><div class='av-inner-masonry-sizer'><\/div><figure class='av-inner-masonry main_color'><div class=\"av-masonry-outerimage-container\"><div class='av-masonry-image-container' style=\"background-image: url(https:\/\/www.sonnencamping.de\/wp-content\/uploads\/2019\/04\/mtb-810358_1920-529x705.jpg);\"  title=\"Mountainbiking\" ><\/div><\/div><figcaption class='av-inner-masonry-content site-background'><div class='av-inner-masonry-content-pos'><div class='av-inner-masonry-content-pos-content'><div class='avia-arrow'><\/div><div class='av-masonry-entry-content entry-content'  itemprop=\"text\" >Zomer activiteiten<\/div><\/div><\/div><\/figcaption><\/figure><\/a><!--end av-masonry entry--><a href=\"https:\/\/www.sonnencamping.de\/nl\/winter\/\"  aria-label=\"afbeelding Winterplezier\"  target=\"_blank\" rel=\"noopener noreferrer\" id='av-masonry-1-item-5074' data-av-masonry-item='5074' class='av-masonry-entry isotope-item post-5074 attachment type-attachment status-inherit hentry  av-masonry-item-with-image' title=\"Winterplezier\" alt=\"\"  data-av-masonry-custom-link=\"https:\/\/www.sonnencamping.de\/nl\/winter\/\"  itemprop=\"thumbnailUrl\" ><div class='av-inner-masonry-sizer'><\/div><figure class='av-inner-masonry main_color'><div class=\"av-masonry-outerimage-container\"><div class='av-masonry-image-container' style=\"background-image: url(https:\/\/www.sonnencamping.de\/wp-content\/uploads\/2019\/04\/snow-3295633_1920-705x469.jpg);\"  title=\"Winterplezier\" ><\/div><\/div><figcaption class='av-inner-masonry-content site-background'><div class='av-inner-masonry-content-pos'><div class='av-inner-masonry-content-pos-content'><div class='avia-arrow'><\/div><div class='av-masonry-entry-content entry-content'  itemprop=\"text\" >Winter activiteiten<\/div><\/div><\/div><\/figcaption><\/figure><\/a><!--end av-masonry entry--><a href=\"https:\/\/www.sonnencamping.de\/wp-content\/uploads\/2022\/08\/Angebote_Kinder_web_Aug21.pdf\"  aria-label=\"afbeelding Activiteiten met kinderen\"  target=\"_blank\" rel=\"noopener noreferrer\" id='av-masonry-1-item-4864' data-av-masonry-item='4864' class='av-masonry-entry isotope-item post-4864 attachment type-attachment status-inherit hentry  av-masonry-item-with-image' title=\"Activiteiten met kinderen\" alt=\"\"  data-av-masonry-custom-link=\"https:\/\/www.sonnencamping.de\/wp-content\/uploads\/2022\/08\/Angebote_Kinder_web_Aug21.pdf\"  itemprop=\"thumbnailUrl\" ><div class='av-inner-masonry-sizer'><\/div><figure class='av-inner-masonry main_color'><div class=\"av-masonry-outerimage-container\"><div class='av-masonry-image-container' style=\"background-image: url(https:\/\/www.sonnencamping.de\/wp-content\/uploads\/2019\/04\/FZ_4-705x468.jpg);\"  title=\"Activiteiten met kinderen\" ><\/div><\/div><figcaption class='av-inner-masonry-content site-background'><div class='av-inner-masonry-content-pos'><div class='av-inner-masonry-content-pos-content'><div class='avia-arrow'><\/div><div class='av-masonry-entry-content entry-content'  itemprop=\"text\" >Activiteiten met kinderen<\/div><\/div><\/div><\/figcaption><\/figure><\/a><!--end av-masonry entry--><\/div><\/div><br \/>\n<section  class='av_textblock_section av-jtg01ets-99cbf17e3d8d3a773df6e96ec7cebc61 '   itemscope=\"itemscope\" itemtype=\"https:\/\/schema.org\/CreativeWork\" ><div class='avia_textblock'  itemprop=\"text\" ><p>Aanvullende informatie over het vrijetijdsaanbod van de omgeving vindt u op de website van het\u00a0<a title=\"Tourist Information Albstadt\" href=\"http:\/\/www.albstadt-tourismus.de\/\" target=\"_blank\" rel=\"noopener\">VVV-kantoor Albstadt<\/a>\u00a0en de\u00a0<a title=\"Tourismusverband Schw\u00e4bische Alb\" href=\"http:\/\/www.schwaebischealb.de\/\" target=\"_blank\" rel=\"noopener\">Tourismusverband Schw\u00e4bische Alb.<\/a><\/p>\n<\/div><\/section><\/p><\/div>\n\n<style type=\"text\/css\" data-created_by=\"avia_inline_auto\" id=\"style-css-av-3q9x-89d1104409b39c04f48fbe7dd1bbbefc\">\n.flex_column.av-3q9x-89d1104409b39c04f48fbe7dd1bbbefc{\nborder-radius:0px 0px 0px 0px;\npadding:0px 0px 20px 0px;\n}\n<\/style>\n<div  class='flex_column av-3q9x-89d1104409b39c04f48fbe7dd1bbbefc av_one_third  avia-builder-el-6  el_after_av_two_third  avia-builder-el-last  flex_column_div  '     ><p><section  class='av_textblock_section av-jt7crgeh-a23147511c0c729d3e7736ae01b9889c '   itemscope=\"itemscope\" itemtype=\"https:\/\/schema.org\/CreativeWork\" ><div class='avia_textblock'  itemprop=\"text\" ><p><a href=\"https:\/\/www.sonnencamping.de\/wp-content\/uploads\/2015\/10\/Logo_Sonnencamping.jpg\"><img loading=\"lazy\" decoding=\"async\" class=\"alignnone size-medium wp-image-1614\" src=\"https:\/\/www.sonnencamping.de\/wp-content\/uploads\/2015\/10\/Logo_Sonnencamping-267x300.jpg\" alt=\"\" width=\"101\" height=\"113\" \/><\/a><\/p>\n<p>Beibruck 54<br \/>\n72458 Albstadt<br \/>\nDuitsland<\/p>\n<\/div><\/section><br \/>\n\n<style type=\"text\/css\" data-created_by=\"avia_inline_auto\" id=\"style-css-av-jt7e2an7-be8a830c6e1c10a92d95a778ed494c56\">\n#top .hr.hr-invisible.av-jt7e2an7-be8a830c6e1c10a92d95a778ed494c56{\nheight:20px;\n}\n<\/style>\n<div  class='hr av-jt7e2an7-be8a830c6e1c10a92d95a778ed494c56 hr-invisible  avia-builder-el-8  el_after_av_textblock  el_before_av_icon_box '><span class='hr-inner '><span class=\"hr-inner-style\"><\/span><\/span><\/div><br \/>\n\n<style type=\"text\/css\" data-created_by=\"avia_inline_auto\" id=\"style-css-av-av_icon_box-ac4c4791202ddea129f34e489236dbd0\">\n.iconbox.av-av_icon_box-ac4c4791202ddea129f34e489236dbd0 .iconbox_icon{\nbackground-color:#fcce14;\ncolor:#ffffff;\n}\n.iconbox.av-av_icon_box-ac4c4791202ddea129f34e489236dbd0 .iconbox_icon.avia-svg-icon svg:first-child{\nfill:#ffffff;\nstroke:#ffffff;\n}\n<\/style>\n<article  class='iconbox iconbox_left av-av_icon_box-ac4c4791202ddea129f34e489236dbd0  avia-builder-el-9  el_after_av_hr  el_before_av_icon_box '  itemscope=\"itemscope\" itemtype=\"https:\/\/schema.org\/CreativeWork\" ><div class=\"iconbox_content\"><header class=\"entry-content-header\" aria-label=\"Icoon: \"><div class='iconbox_icon heading-color avia-iconfont avia-font-entypo-fontello' data-av_icon='\ue854' data-av_iconfont='entypo-fontello'  ><\/div><\/header><div class='iconbox_content_container '  itemprop=\"text\" ><p><a href=\"tel:+4974319370348\" target=\"_blank\" rel=\"noopener\"><span style=\"color: #000000;\">+49 (0)7431 \/ 9370 348<\/span><\/a><\/p>\n<\/div><\/div><footer class=\"entry-footer\"><\/footer><\/article><br \/>\n\n<style type=\"text\/css\" data-created_by=\"avia_inline_auto\" id=\"style-css-av-av_icon_box-4c69630717a67bedfe0700748ebd7498\">\n.iconbox.av-av_icon_box-4c69630717a67bedfe0700748ebd7498 .iconbox_icon{\nbackground-color:#fcce14;\ncolor:#ffffff;\n}\n.iconbox.av-av_icon_box-4c69630717a67bedfe0700748ebd7498 .iconbox_icon.avia-svg-icon svg:first-child{\nfill:#ffffff;\nstroke:#ffffff;\n}\n<\/style>\n<article  class='iconbox iconbox_left av-av_icon_box-4c69630717a67bedfe0700748ebd7498  avia-builder-el-10  el_after_av_icon_box  el_before_av_icon_box '  itemscope=\"itemscope\" itemtype=\"https:\/\/schema.org\/CreativeWork\" ><div class=\"iconbox_content\"><header class=\"entry-content-header\" aria-label=\"Icoon: \"><div class='iconbox_icon heading-color avia-iconfont avia-font-entypo-fontello' data-av_icon='\ue816' data-av_iconfont='entypo-fontello'  ><\/div><\/header><div class='iconbox_content_container '  itemprop=\"text\" ><p><a href=\"tel:+4915256895577\" target=\"_blank\" rel=\"noopener\"><span style=\"color: #000000;\">+49 (0) 152 \/ 56895577<\/span><\/a><\/p>\n<\/div><\/div><footer class=\"entry-footer\"><\/footer><\/article><br \/>\n\n<style type=\"text\/css\" data-created_by=\"avia_inline_auto\" id=\"style-css-av-av_icon_box-dccf405aaf8f2ff1855e2666441afce8\">\n.iconbox.av-av_icon_box-dccf405aaf8f2ff1855e2666441afce8 .iconbox_icon{\nbackground-color:#fcce14;\ncolor:#ffffff;\n}\n.iconbox.av-av_icon_box-dccf405aaf8f2ff1855e2666441afce8 .iconbox_icon.avia-svg-icon svg:first-child{\nfill:#ffffff;\nstroke:#ffffff;\n}\n<\/style>\n<article  class='iconbox iconbox_left av-av_icon_box-dccf405aaf8f2ff1855e2666441afce8  avia-builder-el-11  el_after_av_icon_box  avia-builder-el-last '  itemscope=\"itemscope\" itemtype=\"https:\/\/schema.org\/CreativeWork\" ><div class=\"iconbox_content\"><header class=\"entry-content-header\" aria-label=\"Icoon: \"><div class='iconbox_icon heading-color avia-iconfont avia-font-entypo-fontello' data-av_icon='\ue805' data-av_iconfont='entypo-fontello'  ><\/div><\/header><div class='iconbox_content_container '  itemprop=\"text\" ><p><a href=\"mailto:info@sonnencamping.de\"><span style=\"color: #000000;\">info@sonnencamping.de<\/span><\/a><\/p>\n<\/div><\/div><footer class=\"entry-footer\"><\/footer><\/article><\/p><\/div>\n","protected":false},"excerpt":{"rendered":"","protected":false},"author":1,"featured_media":0,"parent":0,"menu_order":0,"comment_status":"closed","ping_status":"closed","template":"","meta":{"footnotes":""},"class_list":["post-759","page","type-page","status-publish","hentry"],"yoast_head":"<!-- This site is optimized with the Yoast SEO plugin v27.2 - https:\/\/yoast.com\/product\/yoast-seo-wordpress\/ -->\n<title>Vrije tijd - Sonnencamping Albstadt<\/title>\n<meta name=\"description\" content=\"Die Schw\u00e4bische Alb mit ihrer abwechslungsreichen Landschaft bietet unz\u00e4hlige M\u00f6glichkeiten f\u00fcr Sportler und Naturliebhaber, ihre Freizeit abwechslungsreich zu verbringen.\" \/>\n<meta name=\"robots\" content=\"index, follow, max-snippet:-1, max-image-preview:large, max-video-preview:-1\" \/>\n<link rel=\"canonical\" href=\"https:\/\/www.sonnencamping.de\/nl\/vrije-tijd\/\" \/>\n<meta property=\"og:locale\" content=\"nl_NL\" \/>\n<meta property=\"og:type\" content=\"article\" \/>\n<meta property=\"og:title\" content=\"Vrije tijd - Sonnencamping Albstadt\" \/>\n<meta property=\"og:description\" content=\"Die Schw\u00e4bische Alb mit ihrer abwechslungsreichen Landschaft bietet unz\u00e4hlige M\u00f6glichkeiten f\u00fcr Sportler und Naturliebhaber, ihre Freizeit abwechslungsreich zu verbringen.\" \/>\n<meta property=\"og:url\" content=\"https:\/\/www.sonnencamping.de\/nl\/vrije-tijd\/\" \/>\n<meta property=\"og:site_name\" content=\"Sonnencamping Albstadt\" \/>\n<meta property=\"article:publisher\" content=\"https:\/\/www.facebook.com\/pages\/Sonnencamping-Albstadt\/1621154931501939\" \/>\n<meta property=\"article:modified_time\" content=\"2025-08-13T10:46:22+00:00\" \/>\n<meta name=\"twitter:label1\" content=\"Est. reading time\" \/>\n\t<meta name=\"twitter:data1\" content=\"2 minutes\" \/>\n<script type=\"application\/ld+json\" class=\"yoast-schema-graph\">{\"@context\":\"https:\/\/schema.org\",\"@graph\":[{\"@type\":\"WebPage\",\"@id\":\"https:\/\/www.sonnencamping.de\/nl\/vrije-tijd\/\",\"url\":\"https:\/\/www.sonnencamping.de\/nl\/vrije-tijd\/\",\"name\":\"Vrije tijd - Sonnencamping Albstadt\",\"isPartOf\":{\"@id\":\"https:\/\/www.sonnencamping.de\/#website\"},\"primaryImageOfPage\":{\"@id\":\"https:\/\/www.sonnencamping.de\/nl\/vrije-tijd\/#primaryimage\"},\"image\":{\"@id\":\"https:\/\/www.sonnencamping.de\/nl\/vrije-tijd\/#primaryimage\"},\"thumbnailUrl\":\"https:\/\/www.sonnencamping.de\/wp-content\/uploads\/2015\/10\/Logo_Sonnencamping-267x300.jpg\",\"datePublished\":\"2014-06-18T15:37:13+00:00\",\"dateModified\":\"2025-08-13T10:46:22+00:00\",\"description\":\"Die Schw\u00e4bische Alb mit ihrer abwechslungsreichen Landschaft bietet unz\u00e4hlige M\u00f6glichkeiten f\u00fcr Sportler und Naturliebhaber, ihre Freizeit abwechslungsreich zu verbringen.\",\"breadcrumb\":{\"@id\":\"https:\/\/www.sonnencamping.de\/nl\/vrije-tijd\/#breadcrumb\"},\"inLanguage\":\"nl-NL\",\"potentialAction\":[{\"@type\":\"ReadAction\",\"target\":[\"https:\/\/www.sonnencamping.de\/nl\/vrije-tijd\/\"]}]},{\"@type\":\"ImageObject\",\"inLanguage\":\"nl-NL\",\"@id\":\"https:\/\/www.sonnencamping.de\/nl\/vrije-tijd\/#primaryimage\",\"url\":\"https:\/\/www.sonnencamping.de\/wp-content\/uploads\/2015\/10\/Logo_Sonnencamping-267x300.jpg\",\"contentUrl\":\"https:\/\/www.sonnencamping.de\/wp-content\/uploads\/2015\/10\/Logo_Sonnencamping-267x300.jpg\"},{\"@type\":\"BreadcrumbList\",\"@id\":\"https:\/\/www.sonnencamping.de\/nl\/vrije-tijd\/#breadcrumb\",\"itemListElement\":[{\"@type\":\"ListItem\",\"position\":1,\"name\":\"Home\",\"item\":\"https:\/\/www.sonnencamping.de\/nl\/\"},{\"@type\":\"ListItem\",\"position\":2,\"name\":\"Vrije tijd\"}]},{\"@type\":\"WebSite\",\"@id\":\"https:\/\/www.sonnencamping.de\/#website\",\"url\":\"https:\/\/www.sonnencamping.de\/\",\"name\":\"Sonnencamping Albstadt\",\"description\":\"Sonnencamping in Albstadt\",\"publisher\":{\"@id\":\"https:\/\/www.sonnencamping.de\/#organization\"},\"potentialAction\":[{\"@type\":\"SearchAction\",\"target\":{\"@type\":\"EntryPoint\",\"urlTemplate\":\"https:\/\/www.sonnencamping.de\/?s={search_term_string}\"},\"query-input\":{\"@type\":\"PropertyValueSpecification\",\"valueRequired\":true,\"valueName\":\"search_term_string\"}}],\"inLanguage\":\"nl-NL\"},{\"@type\":\"Organization\",\"@id\":\"https:\/\/www.sonnencamping.de\/#organization\",\"name\":\"Sonnencamping Albstadt\",\"url\":\"https:\/\/www.sonnencamping.de\/\",\"logo\":{\"@type\":\"ImageObject\",\"inLanguage\":\"nl-NL\",\"@id\":\"https:\/\/www.sonnencamping.de\/#\/schema\/logo\/image\/\",\"url\":\"https:\/\/www.sonnencamping.de\/wp-content\/uploads\/2025\/02\/Logo_sonnencamping_Nov16.jpg\",\"contentUrl\":\"https:\/\/www.sonnencamping.de\/wp-content\/uploads\/2025\/02\/Logo_sonnencamping_Nov16.jpg\",\"width\":762,\"height\":856,\"caption\":\"Sonnencamping Albstadt\"},\"image\":{\"@id\":\"https:\/\/www.sonnencamping.de\/#\/schema\/logo\/image\/\"},\"sameAs\":[\"https:\/\/www.facebook.com\/pages\/Sonnencamping-Albstadt\/1621154931501939\"]}]}<\/script>\n<!-- \/ Yoast SEO plugin. -->","yoast_head_json":{"title":"Vrije tijd - Sonnencamping Albstadt","description":"Die Schw\u00e4bische Alb mit ihrer abwechslungsreichen Landschaft bietet unz\u00e4hlige M\u00f6glichkeiten f\u00fcr Sportler und Naturliebhaber, ihre Freizeit abwechslungsreich zu verbringen.","robots":{"index":"index","follow":"follow","max-snippet":"max-snippet:-1","max-image-preview":"max-image-preview:large","max-video-preview":"max-video-preview:-1"},"canonical":"https:\/\/www.sonnencamping.de\/nl\/vrije-tijd\/","og_locale":"nl_NL","og_type":"article","og_title":"Vrije tijd - Sonnencamping Albstadt","og_description":"Die Schw\u00e4bische Alb mit ihrer abwechslungsreichen Landschaft bietet unz\u00e4hlige M\u00f6glichkeiten f\u00fcr Sportler und Naturliebhaber, ihre Freizeit abwechslungsreich zu verbringen.","og_url":"https:\/\/www.sonnencamping.de\/nl\/vrije-tijd\/","og_site_name":"Sonnencamping Albstadt","article_publisher":"https:\/\/www.facebook.com\/pages\/Sonnencamping-Albstadt\/1621154931501939","article_modified_time":"2025-08-13T10:46:22+00:00","twitter_misc":{"Est. reading time":"2 minutes"},"schema":{"@context":"https:\/\/schema.org","@graph":[{"@type":"WebPage","@id":"https:\/\/www.sonnencamping.de\/nl\/vrije-tijd\/","url":"https:\/\/www.sonnencamping.de\/nl\/vrije-tijd\/","name":"Vrije tijd - Sonnencamping Albstadt","isPartOf":{"@id":"https:\/\/www.sonnencamping.de\/#website"},"primaryImageOfPage":{"@id":"https:\/\/www.sonnencamping.de\/nl\/vrije-tijd\/#primaryimage"},"image":{"@id":"https:\/\/www.sonnencamping.de\/nl\/vrije-tijd\/#primaryimage"},"thumbnailUrl":"https:\/\/www.sonnencamping.de\/wp-content\/uploads\/2015\/10\/Logo_Sonnencamping-267x300.jpg","datePublished":"2014-06-18T15:37:13+00:00","dateModified":"2025-08-13T10:46:22+00:00","description":"Die Schw\u00e4bische Alb mit ihrer abwechslungsreichen Landschaft bietet unz\u00e4hlige M\u00f6glichkeiten f\u00fcr Sportler und Naturliebhaber, ihre Freizeit abwechslungsreich zu verbringen.","breadcrumb":{"@id":"https:\/\/www.sonnencamping.de\/nl\/vrije-tijd\/#breadcrumb"},"inLanguage":"nl-NL","potentialAction":[{"@type":"ReadAction","target":["https:\/\/www.sonnencamping.de\/nl\/vrije-tijd\/"]}]},{"@type":"ImageObject","inLanguage":"nl-NL","@id":"https:\/\/www.sonnencamping.de\/nl\/vrije-tijd\/#primaryimage","url":"https:\/\/www.sonnencamping.de\/wp-content\/uploads\/2015\/10\/Logo_Sonnencamping-267x300.jpg","contentUrl":"https:\/\/www.sonnencamping.de\/wp-content\/uploads\/2015\/10\/Logo_Sonnencamping-267x300.jpg"},{"@type":"BreadcrumbList","@id":"https:\/\/www.sonnencamping.de\/nl\/vrije-tijd\/#breadcrumb","itemListElement":[{"@type":"ListItem","position":1,"name":"Home","item":"https:\/\/www.sonnencamping.de\/nl\/"},{"@type":"ListItem","position":2,"name":"Vrije tijd"}]},{"@type":"WebSite","@id":"https:\/\/www.sonnencamping.de\/#website","url":"https:\/\/www.sonnencamping.de\/","name":"Sonnencamping Albstadt","description":"Sonnencamping in Albstadt","publisher":{"@id":"https:\/\/www.sonnencamping.de\/#organization"},"potentialAction":[{"@type":"SearchAction","target":{"@type":"EntryPoint","urlTemplate":"https:\/\/www.sonnencamping.de\/?s={search_term_string}"},"query-input":{"@type":"PropertyValueSpecification","valueRequired":true,"valueName":"search_term_string"}}],"inLanguage":"nl-NL"},{"@type":"Organization","@id":"https:\/\/www.sonnencamping.de\/#organization","name":"Sonnencamping Albstadt","url":"https:\/\/www.sonnencamping.de\/","logo":{"@type":"ImageObject","inLanguage":"nl-NL","@id":"https:\/\/www.sonnencamping.de\/#\/schema\/logo\/image\/","url":"https:\/\/www.sonnencamping.de\/wp-content\/uploads\/2025\/02\/Logo_sonnencamping_Nov16.jpg","contentUrl":"https:\/\/www.sonnencamping.de\/wp-content\/uploads\/2025\/02\/Logo_sonnencamping_Nov16.jpg","width":762,"height":856,"caption":"Sonnencamping Albstadt"},"image":{"@id":"https:\/\/www.sonnencamping.de\/#\/schema\/logo\/image\/"},"sameAs":["https:\/\/www.facebook.com\/pages\/Sonnencamping-Albstadt\/1621154931501939"]}]}},"_links":{"self":[{"href":"https:\/\/www.sonnencamping.de\/nl\/wp-json\/wp\/v2\/pages\/759","targetHints":{"allow":["GET"]}}],"collection":[{"href":"https:\/\/www.sonnencamping.de\/nl\/wp-json\/wp\/v2\/pages"}],"about":[{"href":"https:\/\/www.sonnencamping.de\/nl\/wp-json\/wp\/v2\/types\/page"}],"author":[{"embeddable":true,"href":"https:\/\/www.sonnencamping.de\/nl\/wp-json\/wp\/v2\/users\/1"}],"replies":[{"embeddable":true,"href":"https:\/\/www.sonnencamping.de\/nl\/wp-json\/wp\/v2\/comments?post=759"}],"version-history":[{"count":4,"href":"https:\/\/www.sonnencamping.de\/nl\/wp-json\/wp\/v2\/pages\/759\/revisions"}],"predecessor-version":[{"id":14463,"href":"https:\/\/www.sonnencamping.de\/nl\/wp-json\/wp\/v2\/pages\/759\/revisions\/14463"}],"wp:attachment":[{"href":"https:\/\/www.sonnencamping.de\/nl\/wp-json\/wp\/v2\/media?parent=759"}],"curies":[{"name":"wp","href":"https:\/\/api.w.org\/{rel}","templated":true}]}}