{"id":2741,"date":"2017-09-05T10:09:48","date_gmt":"2017-09-05T08:09:48","guid":{"rendered":"https:\/\/www.sonnencamping.de\/?page_id=2741\/"},"modified":"2025-08-13T12:39:11","modified_gmt":"2025-08-13T10:39:11","slug":"accommodaties","status":"publish","type":"page","link":"https:\/\/www.sonnencamping.de\/nl\/accommodaties\/","title":{"rendered":"Accomodaties"},"content":{"rendered":"<div id='full_slider_1'  class='avia-fullwidth-slider main_color avia-shadow   avia-builder-el-0  el_before_av_heading  avia-builder-el-first   container_wrap sidebar_right'  ><div  class='avia-slideshow av-872p8i-6d8624bbdf106525ef46448e0cda1850 avia-slideshow-featured av_slideshow_full avia-slide-slider av-slideshow-ui av-control-default av-slideshow-manual av-loop-once av-loop-manual-endless av-default-height-applied   avia-slideshow-1' data-slideshow-options=\"{&quot;animation&quot;:&quot;slide&quot;,&quot;autoplay&quot;:false,&quot;loop_autoplay&quot;:&quot;once&quot;,&quot;interval&quot;:5,&quot;loop_manual&quot;:&quot;manual-endless&quot;,&quot;autoplay_stopper&quot;:false,&quot;noNavigation&quot;:false,&quot;bg_slider&quot;:false,&quot;keep_padding&quot;:false,&quot;hoverpause&quot;:false,&quot;show_slide_delay&quot;:0}\"  itemprop=\"image\" itemscope=\"itemscope\" itemtype=\"https:\/\/schema.org\/ImageObject\" ><ul class='avia-slideshow-inner ' style='padding-bottom: 33.725490196078%;'><li  class='avia-slideshow-slide av-872p8i-6d8624bbdf106525ef46448e0cda1850__0  av-single-slide slide-1 slide-odd'><div data-rel='slideshow-1' class='avia-slide-wrap '   ><img decoding=\"async\" fetchpriority=\"high\" class=\"wp-image-5791 avia-img-lazy-loading-not-5791\"  src=\"https:\/\/www.sonnencamping.de\/wp-content\/uploads\/2017\/06\/schlaff\u00e4sser.jpg\" width=\"1275\" height=\"430\" title='Slaapvaten' alt=''  itemprop=\"thumbnailUrl\" srcset=\"https:\/\/www.sonnencamping.de\/wp-content\/uploads\/2017\/06\/schlaff\u00e4sser.jpg 1500w, https:\/\/www.sonnencamping.de\/wp-content\/uploads\/2017\/06\/schlaff\u00e4sser-300x101.jpg 300w, https:\/\/www.sonnencamping.de\/wp-content\/uploads\/2017\/06\/schlaff\u00e4sser-768x259.jpg 768w, https:\/\/www.sonnencamping.de\/wp-content\/uploads\/2017\/06\/schlaff\u00e4sser-1024x345.jpg 1024w\" sizes=\"(max-width: 1275px) 100vw, 1275px\" \/><\/div><\/li><\/ul><\/div><\/div><div id='after_full_slider_1'  class='main_color av_default_container_wrap container_wrap sidebar_right'  ><div class='container av-section-cont-open' ><div class='template-page content  av-content-small alpha units'><div class='post-entry post-entry-type-page post-entry-2741'><div class='entry-content-wrapper clearfix'>\n\n<style type=\"text\/css\" data-created_by=\"avia_inline_auto\" id=\"style-css-av-av_heading-1421239c163ebc0fe3ab4c23e5557f6d\">\n#top .av-special-heading.av-av_heading-1421239c163ebc0fe3ab4c23e5557f6d{\npadding-bottom:10px;\n}\nbody .av-special-heading.av-av_heading-1421239c163ebc0fe3ab4c23e5557f6d .av-special-heading-tag .heading-char{\nfont-size:25px;\n}\n.av-special-heading.av-av_heading-1421239c163ebc0fe3ab4c23e5557f6d .av-subheading{\nfont-size:15px;\n}\n<\/style>\n<div  class='av-special-heading av-av_heading-1421239c163ebc0fe3ab4c23e5557f6d av-special-heading-h1  avia-builder-el-1  el_after_av_slideshow_full  el_before_av_one_third  avia-builder-el-first  av-linked-heading'><h1 class='av-special-heading-tag '  itemprop=\"headline\"  >Accommodaties<\/h1><div class=\"special-heading-border\"><div class=\"special-heading-inner-border\"><\/div><\/div><\/div>\n\n<style type=\"text\/css\" data-created_by=\"avia_inline_auto\" id=\"style-css-av-54nv3m-ee932ac9891767375ec7c223e92396a7\">\n.flex_column.av-54nv3m-ee932ac9891767375ec7c223e92396a7{\nborder-radius:0px 0px 0px 0px;\npadding:0px 0px 0px 0px;\n}\n<\/style>\n<div  class='flex_column av-54nv3m-ee932ac9891767375ec7c223e92396a7 av_one_third  avia-builder-el-2  el_after_av_heading  el_before_av_one_third  first flex_column_div av-zero-column-padding  '     ><section  class='av_textblock_section av-26h7cy-90a6c484fe03fb07779f77f8d12bac1f '   itemscope=\"itemscope\" itemtype=\"https:\/\/schema.org\/CreativeWork\" ><div class='avia_textblock'  itemprop=\"text\" ><p>De camping beschikt over verschillende huuraccommodaties, in welke\u00a02 &#8211; 4 personen kunnen overnachten. Of gezellig of comfortabel, rond of hoekig, met beide benen op de grond of met het hoofd in de wolken: kies de accommodatie die voldoet aan hun wensen.<\/p>\n<p><br class=\"avia-permanent-lb\" \/>U heeft de keuze om te verblijven in een van onze comfortabele <a href=\"https:\/\/www.sonnencamping.de\/nl\/slaapvaten\/\" target=\"_blank\" rel=\"noopener\">slaapvaten<\/a> of in een volledig uitgeruste <a href=\"https:\/\/www.sonnencamping.de\/nl\/bungalows\/\" target=\"_blank\" rel=\"noopener\">bungalow<\/a> met een eigen badkamer en een kitchenette.<br \/>\n<br class=\"avia-permanent-lb\" \/><\/p>\n<span class='av_dropcap2 av-av_dropcap2-bd3e2e98007e8df5c1bbaff1392a902e'>Neu<\/span>\n<p>Zojuist toegevoegd zijn onze <a href=\"https:\/\/www.sonnencamping.de\/nl\/steltenhuisen\/\" target=\"_blank\" rel=\"noopener\">steltenhuisen<\/a> op het bovenste terras van de camping &#8211; binnen gezellig, buiten met uitzichtgarantie.<\/p>\n<\/div><\/section><\/div>\n\n<style type=\"text\/css\" data-created_by=\"avia_inline_auto\" id=\"style-css-av-2sbt9e-8459f26515222762bd60276e281134e8\">\n.flex_column.av-2sbt9e-8459f26515222762bd60276e281134e8{\nborder-radius:0px 0px 0px 0px;\npadding:0px 0px 0px 0px;\n}\n<\/style>\n<div  class='flex_column av-2sbt9e-8459f26515222762bd60276e281134e8 av_one_third  avia-builder-el-4  el_after_av_one_third  el_before_av_one_third  flex_column_div av-zero-column-padding  '     ><p>\n<style type=\"text\/css\" data-created_by=\"avia_inline_auto\" id=\"style-css-av-jtfjtz1h-27cf02840179fdf67ca909b74107b18d\">\n.avia-image-container.av-jtfjtz1h-27cf02840179fdf67ca909b74107b18d img.avia_image{\nbox-shadow:none;\n}\n.avia-image-container.av-jtfjtz1h-27cf02840179fdf67ca909b74107b18d .av-image-caption-overlay-center{\ncolor:#ffffff;\n}\n<\/style>\n<div  class='avia-image-container av-jtfjtz1h-27cf02840179fdf67ca909b74107b18d av-styling- av-img-linked avia_animated_image av-animated-when-visible-95 fade-in avia-align-center  avia-builder-el-5  el_before_av_image  avia-builder-el-first '   itemprop=\"image\" itemscope=\"itemscope\" itemtype=\"https:\/\/schema.org\/ImageObject\" ><div class=\"avia-image-container-inner\"><div class=\"avia-image-overlay-wrap\"><a href=\"https:\/\/www.sonnencamping.de\/nl\/slaapvaten\/\" class='avia_image '  target=\"_blank\"  rel=\"noopener noreferrer\" aria-label='Slaapvaten'><img decoding=\"async\" fetchpriority=\"high\" class='wp-image-6317 avia-img-lazy-loading-not-6317 avia_image ' src=\"https:\/\/www.sonnencamping.de\/wp-content\/uploads\/2019\/04\/Schlaff\u00e4sser.jpg\" alt='' title='Slaapvaten'  height=\"161\" width=\"307\"  itemprop=\"thumbnailUrl\" srcset=\"https:\/\/www.sonnencamping.de\/wp-content\/uploads\/2019\/04\/Schlaff\u00e4sser.jpg 307w, https:\/\/www.sonnencamping.de\/wp-content\/uploads\/2019\/04\/Schlaff\u00e4sser-300x157.jpg 300w\" sizes=\"(max-width: 307px) 100vw, 307px\" \/><\/a><\/div><\/div><\/div><br \/>\n\n<style type=\"text\/css\" data-created_by=\"avia_inline_auto\" id=\"style-css-av-jtfjtz1h-9ed0507b0fd1d1bbdb48408871e09602\">\n.avia-image-container.av-jtfjtz1h-9ed0507b0fd1d1bbdb48408871e09602 img.avia_image{\nbox-shadow:none;\n}\n.avia-image-container.av-jtfjtz1h-9ed0507b0fd1d1bbdb48408871e09602 .av-image-caption-overlay-center{\ncolor:#ffffff;\n}\n<\/style>\n<div  class='avia-image-container av-jtfjtz1h-9ed0507b0fd1d1bbdb48408871e09602 av-styling- av-img-linked avia_animated_image av-animated-when-visible-95 fade-in avia-align-center  avia-builder-el-6  el_after_av_image  el_before_av_image '   itemprop=\"image\" itemscope=\"itemscope\" itemtype=\"https:\/\/schema.org\/ImageObject\" ><div class=\"avia-image-container-inner\"><div class=\"avia-image-overlay-wrap\"><a href=\"https:\/\/www.sonnencamping.de\/nl\/slaapvaten\/\" class='avia_image '  target=\"_blank\"  rel=\"noopener noreferrer\" aria-label='Bungalows'><img decoding=\"async\" fetchpriority=\"high\" class='wp-image-6313 avia-img-lazy-loading-not-6313 avia_image ' src=\"https:\/\/www.sonnencamping.de\/wp-content\/uploads\/2019\/04\/bungalows.jpg\" alt='' title='Bungalows'  height=\"161\" width=\"307\"  itemprop=\"thumbnailUrl\" srcset=\"https:\/\/www.sonnencamping.de\/wp-content\/uploads\/2019\/04\/bungalows.jpg 307w, https:\/\/www.sonnencamping.de\/wp-content\/uploads\/2019\/04\/bungalows-300x157.jpg 300w\" sizes=\"(max-width: 307px) 100vw, 307px\" \/><\/a><\/div><\/div><\/div><br \/>\n\n<style type=\"text\/css\" data-created_by=\"avia_inline_auto\" id=\"style-css-av-jtfjtz1h-6b6d21da04928da948ec3dccf9d6351f\">\n.avia-image-container.av-jtfjtz1h-6b6d21da04928da948ec3dccf9d6351f img.avia_image{\nbox-shadow:none;\n}\n.avia-image-container.av-jtfjtz1h-6b6d21da04928da948ec3dccf9d6351f .av-image-caption-overlay-center{\ncolor:#ffffff;\n}\n<\/style>\n<div  class='avia-image-container av-jtfjtz1h-6b6d21da04928da948ec3dccf9d6351f av-styling- av-img-linked avia_animated_image av-animated-when-visible-95 fade-in avia-align-center  avia-builder-el-7  el_after_av_image  avia-builder-el-last '   itemprop=\"image\" itemscope=\"itemscope\" itemtype=\"https:\/\/schema.org\/ImageObject\" ><div class=\"avia-image-container-inner\"><div class=\"avia-image-overlay-wrap\"><a href=\"https:\/\/www.sonnencamping.de\/nl\/steltenhuisen\/\" class='avia_image '  target=\"_blank\"  rel=\"noopener noreferrer\" ><img decoding=\"async\" fetchpriority=\"high\" class='wp-image- avia-img-lazy-loading-not- avia_image ' src=\"https:\/\/www.sonnencamping.de\/wp-content\/uploads\/2020\/07\/Stelzenhaus-300x157.jpg\" alt='' title=''   itemprop=\"thumbnailUrl\"  \/><\/a><\/div><\/div><\/div><\/p><\/div>\n\n<style type=\"text\/css\" data-created_by=\"avia_inline_auto\" id=\"style-css-av-3q9x-89d1104409b39c04f48fbe7dd1bbbefc\">\n.flex_column.av-3q9x-89d1104409b39c04f48fbe7dd1bbbefc{\nborder-radius:0px 0px 0px 0px;\npadding:0px 0px 20px 0px;\n}\n<\/style>\n<div  class='flex_column av-3q9x-89d1104409b39c04f48fbe7dd1bbbefc av_one_third  avia-builder-el-8  el_after_av_one_third  avia-builder-el-last  flex_column_div  '     ><p><div  class='avia-buttonrow-wrap av-jt7f1kak-f436e195ee987bdd553d449c1b9b7dbc avia-buttonrow-left  avia-builder-el-9  el_before_av_textblock  avia-builder-el-first '>\n\n<style type=\"text\/css\" data-created_by=\"avia_inline_auto\" id=\"style-css-av-75imo-473347e4ce90bc3b072a4196a723e03e\">\n#top #wrap_all .avia-button.av-75imo-473347e4ce90bc3b072a4196a723e03e{\nmargin-bottom:20px;\nmargin-right:20px;\n}\n<\/style>\n<a href=''  class='avia-button av-75imo-473347e4ce90bc3b072a4196a723e03e avia-icon_select-no avia-size-large avia-color-theme-color'  target=\"_blank\"  rel=\"noopener noreferrer\"  aria-label=\"Aanvraag \/ Boeking\"><span class='avia_iconbox_title' >Aanvraag \/ Boeking<\/span><\/a>\n<\/div><br \/>\n<section  class='av_textblock_section av-jt7crgeh-a23147511c0c729d3e7736ae01b9889c '   itemscope=\"itemscope\" itemtype=\"https:\/\/schema.org\/CreativeWork\" ><div class='avia_textblock'  itemprop=\"text\" ><p><a href=\"https:\/\/www.sonnencamping.de\/wp-content\/uploads\/2015\/10\/Logo_Sonnencamping.jpg\"><img loading=\"lazy\" decoding=\"async\" class=\"alignnone size-medium wp-image-1614\" src=\"https:\/\/www.sonnencamping.de\/wp-content\/uploads\/2015\/10\/Logo_Sonnencamping-267x300.jpg\" alt=\"\" width=\"101\" height=\"113\" \/><\/a><\/p>\n<p>Beibruck 54<br \/>\n72458 Albstadt<br \/>\nDuitsland<\/p>\n<\/div><\/section><br \/>\n\n<style type=\"text\/css\" data-created_by=\"avia_inline_auto\" id=\"style-css-av-jt7e2an7-be8a830c6e1c10a92d95a778ed494c56\">\n#top .hr.hr-invisible.av-jt7e2an7-be8a830c6e1c10a92d95a778ed494c56{\nheight:20px;\n}\n<\/style>\n<div  class='hr av-jt7e2an7-be8a830c6e1c10a92d95a778ed494c56 hr-invisible  avia-builder-el-11  el_after_av_textblock  el_before_av_icon_box '><span class='hr-inner '><span class=\"hr-inner-style\"><\/span><\/span><\/div><br \/>\n\n<style type=\"text\/css\" data-created_by=\"avia_inline_auto\" id=\"style-css-av-av_icon_box-ac4c4791202ddea129f34e489236dbd0\">\n.iconbox.av-av_icon_box-ac4c4791202ddea129f34e489236dbd0 .iconbox_icon{\nbackground-color:#fcce14;\ncolor:#ffffff;\n}\n.iconbox.av-av_icon_box-ac4c4791202ddea129f34e489236dbd0 .iconbox_icon.avia-svg-icon svg:first-child{\nfill:#ffffff;\nstroke:#ffffff;\n}\n<\/style>\n<article  class='iconbox iconbox_left av-av_icon_box-ac4c4791202ddea129f34e489236dbd0  avia-builder-el-12  el_after_av_hr  el_before_av_icon_box '  itemscope=\"itemscope\" itemtype=\"https:\/\/schema.org\/CreativeWork\" ><div class=\"iconbox_content\"><header class=\"entry-content-header\" aria-label=\"Icoon: \"><div class='iconbox_icon heading-color avia-iconfont avia-font-entypo-fontello' data-av_icon='\ue854' data-av_iconfont='entypo-fontello'  ><\/div><\/header><div class='iconbox_content_container '  itemprop=\"text\" ><p><a href=\"tel:+4974319370348\" target=\"_blank\" rel=\"noopener\"><span style=\"color: #000000;\">+49 (0)7431 \/ 9370 348<\/span><\/a><\/p>\n<\/div><\/div><footer class=\"entry-footer\"><\/footer><\/article><br \/>\n\n<style type=\"text\/css\" data-created_by=\"avia_inline_auto\" id=\"style-css-av-av_icon_box-4c69630717a67bedfe0700748ebd7498\">\n.iconbox.av-av_icon_box-4c69630717a67bedfe0700748ebd7498 .iconbox_icon{\nbackground-color:#fcce14;\ncolor:#ffffff;\n}\n.iconbox.av-av_icon_box-4c69630717a67bedfe0700748ebd7498 .iconbox_icon.avia-svg-icon svg:first-child{\nfill:#ffffff;\nstroke:#ffffff;\n}\n<\/style>\n<article  class='iconbox iconbox_left av-av_icon_box-4c69630717a67bedfe0700748ebd7498  avia-builder-el-13  el_after_av_icon_box  el_before_av_icon_box '  itemscope=\"itemscope\" itemtype=\"https:\/\/schema.org\/CreativeWork\" ><div class=\"iconbox_content\"><header class=\"entry-content-header\" aria-label=\"Icoon: \"><div class='iconbox_icon heading-color avia-iconfont avia-font-entypo-fontello' data-av_icon='\ue816' data-av_iconfont='entypo-fontello'  ><\/div><\/header><div class='iconbox_content_container '  itemprop=\"text\" ><p><a href=\"tel:+4915256895577\" target=\"_blank\" rel=\"noopener\"><span style=\"color: #000000;\">+49 (0) 152 \/ 56895577<\/span><\/a><\/p>\n<\/div><\/div><footer class=\"entry-footer\"><\/footer><\/article><br \/>\n\n<style type=\"text\/css\" data-created_by=\"avia_inline_auto\" id=\"style-css-av-av_icon_box-dccf405aaf8f2ff1855e2666441afce8\">\n.iconbox.av-av_icon_box-dccf405aaf8f2ff1855e2666441afce8 .iconbox_icon{\nbackground-color:#fcce14;\ncolor:#ffffff;\n}\n.iconbox.av-av_icon_box-dccf405aaf8f2ff1855e2666441afce8 .iconbox_icon.avia-svg-icon svg:first-child{\nfill:#ffffff;\nstroke:#ffffff;\n}\n<\/style>\n<article  class='iconbox iconbox_left av-av_icon_box-dccf405aaf8f2ff1855e2666441afce8  avia-builder-el-14  el_after_av_icon_box  avia-builder-el-last '  itemscope=\"itemscope\" itemtype=\"https:\/\/schema.org\/CreativeWork\" ><div class=\"iconbox_content\"><header class=\"entry-content-header\" aria-label=\"Icoon: \"><div class='iconbox_icon heading-color avia-iconfont avia-font-entypo-fontello' data-av_icon='\ue805' data-av_iconfont='entypo-fontello'  ><\/div><\/header><div class='iconbox_content_container '  itemprop=\"text\" ><p><a href=\"mailto:info@sonnencamping.de\"><span style=\"color: #000000;\">info@sonnencamping.de<\/span><\/a><\/p>\n<\/div><\/div><footer class=\"entry-footer\"><\/footer><\/article><\/p><\/div>\n","protected":false},"excerpt":{"rendered":"","protected":false},"author":1,"featured_media":0,"parent":0,"menu_order":0,"comment_status":"closed","ping_status":"closed","template":"","meta":{"footnotes":""},"class_list":["post-2741","page","type-page","status-publish","hentry"],"yoast_head":"<!-- This site is optimized with the Yoast SEO plugin v27.2 - https:\/\/yoast.com\/product\/yoast-seo-wordpress\/ -->\n<title>Mietunterk\u00fcnfte Bungalow Ferienhaus Schlaffass<\/title>\n<meta name=\"description\" content=\"Sonnencamping Albstadt verf\u00fcgt \u00fcber diverse Mietunterk\u00fcnfte, in denen 2 - 4 Personen \u00fcbernachten k\u00f6nnen. Schlaffass Bungalow Ferienhaus.\" \/>\n<meta name=\"robots\" content=\"index, follow, max-snippet:-1, max-image-preview:large, max-video-preview:-1\" \/>\n<link rel=\"canonical\" href=\"https:\/\/www.sonnencamping.de\/nl\/accommodaties\/\" \/>\n<meta property=\"og:locale\" content=\"nl_NL\" \/>\n<meta property=\"og:type\" content=\"article\" \/>\n<meta property=\"og:title\" content=\"Mietunterk\u00fcnfte Bungalow Ferienhaus Schlaffass\" \/>\n<meta property=\"og:description\" content=\"Sonnencamping Albstadt verf\u00fcgt \u00fcber diverse Mietunterk\u00fcnfte, in denen 2 - 4 Personen \u00fcbernachten k\u00f6nnen. Schlaffass Bungalow Ferienhaus.\" \/>\n<meta property=\"og:url\" content=\"https:\/\/www.sonnencamping.de\/nl\/accommodaties\/\" \/>\n<meta property=\"og:site_name\" content=\"Sonnencamping Albstadt\" \/>\n<meta property=\"article:publisher\" content=\"https:\/\/www.facebook.com\/pages\/Sonnencamping-Albstadt\/1621154931501939\" \/>\n<meta property=\"article:modified_time\" content=\"2025-08-13T10:39:11+00:00\" \/>\n<meta property=\"og:image\" content=\"https:\/\/www.sonnencamping.de\/wp-content\/uploads\/2015\/10\/Logo_Sonnencamping-267x300.jpg\" \/>\n<meta name=\"twitter:label1\" content=\"Est. reading time\" \/>\n\t<meta name=\"twitter:data1\" content=\"2 minutes\" \/>\n<script type=\"application\/ld+json\" class=\"yoast-schema-graph\">{\"@context\":\"https:\/\/schema.org\",\"@graph\":[{\"@type\":\"WebPage\",\"@id\":\"https:\/\/www.sonnencamping.de\/nl\/accommodaties\/\",\"url\":\"https:\/\/www.sonnencamping.de\/nl\/accommodaties\/\",\"name\":\"Mietunterk\u00fcnfte Bungalow Ferienhaus Schlaffass\",\"isPartOf\":{\"@id\":\"https:\/\/www.sonnencamping.de\/#website\"},\"primaryImageOfPage\":{\"@id\":\"https:\/\/www.sonnencamping.de\/nl\/accommodaties\/#primaryimage\"},\"image\":{\"@id\":\"https:\/\/www.sonnencamping.de\/nl\/accommodaties\/#primaryimage\"},\"thumbnailUrl\":\"https:\/\/www.sonnencamping.de\/wp-content\/uploads\/2015\/10\/Logo_Sonnencamping-267x300.jpg\",\"datePublished\":\"2017-09-05T08:09:48+00:00\",\"dateModified\":\"2025-08-13T10:39:11+00:00\",\"description\":\"Sonnencamping Albstadt verf\u00fcgt \u00fcber diverse Mietunterk\u00fcnfte, in denen 2 - 4 Personen \u00fcbernachten k\u00f6nnen. Schlaffass Bungalow Ferienhaus.\",\"breadcrumb\":{\"@id\":\"https:\/\/www.sonnencamping.de\/nl\/accommodaties\/#breadcrumb\"},\"inLanguage\":\"nl-NL\",\"potentialAction\":[{\"@type\":\"ReadAction\",\"target\":[\"https:\/\/www.sonnencamping.de\/nl\/accommodaties\/\"]}]},{\"@type\":\"ImageObject\",\"inLanguage\":\"nl-NL\",\"@id\":\"https:\/\/www.sonnencamping.de\/nl\/accommodaties\/#primaryimage\",\"url\":\"https:\/\/www.sonnencamping.de\/wp-content\/uploads\/2015\/10\/Logo_Sonnencamping-267x300.jpg\",\"contentUrl\":\"https:\/\/www.sonnencamping.de\/wp-content\/uploads\/2015\/10\/Logo_Sonnencamping-267x300.jpg\"},{\"@type\":\"BreadcrumbList\",\"@id\":\"https:\/\/www.sonnencamping.de\/nl\/accommodaties\/#breadcrumb\",\"itemListElement\":[{\"@type\":\"ListItem\",\"position\":1,\"name\":\"Home\",\"item\":\"https:\/\/www.sonnencamping.de\/nl\/\"},{\"@type\":\"ListItem\",\"position\":2,\"name\":\"Accomodaties\"}]},{\"@type\":\"WebSite\",\"@id\":\"https:\/\/www.sonnencamping.de\/#website\",\"url\":\"https:\/\/www.sonnencamping.de\/\",\"name\":\"Sonnencamping Albstadt\",\"description\":\"Sonnencamping in Albstadt\",\"publisher\":{\"@id\":\"https:\/\/www.sonnencamping.de\/#organization\"},\"potentialAction\":[{\"@type\":\"SearchAction\",\"target\":{\"@type\":\"EntryPoint\",\"urlTemplate\":\"https:\/\/www.sonnencamping.de\/?s={search_term_string}\"},\"query-input\":{\"@type\":\"PropertyValueSpecification\",\"valueRequired\":true,\"valueName\":\"search_term_string\"}}],\"inLanguage\":\"nl-NL\"},{\"@type\":\"Organization\",\"@id\":\"https:\/\/www.sonnencamping.de\/#organization\",\"name\":\"Sonnencamping Albstadt\",\"url\":\"https:\/\/www.sonnencamping.de\/\",\"logo\":{\"@type\":\"ImageObject\",\"inLanguage\":\"nl-NL\",\"@id\":\"https:\/\/www.sonnencamping.de\/#\/schema\/logo\/image\/\",\"url\":\"https:\/\/www.sonnencamping.de\/wp-content\/uploads\/2025\/02\/Logo_sonnencamping_Nov16.jpg\",\"contentUrl\":\"https:\/\/www.sonnencamping.de\/wp-content\/uploads\/2025\/02\/Logo_sonnencamping_Nov16.jpg\",\"width\":762,\"height\":856,\"caption\":\"Sonnencamping Albstadt\"},\"image\":{\"@id\":\"https:\/\/www.sonnencamping.de\/#\/schema\/logo\/image\/\"},\"sameAs\":[\"https:\/\/www.facebook.com\/pages\/Sonnencamping-Albstadt\/1621154931501939\"]}]}<\/script>\n<!-- \/ Yoast SEO plugin. -->","yoast_head_json":{"title":"Mietunterk\u00fcnfte Bungalow Ferienhaus Schlaffass","description":"Sonnencamping Albstadt verf\u00fcgt \u00fcber diverse Mietunterk\u00fcnfte, in denen 2 - 4 Personen \u00fcbernachten k\u00f6nnen. Schlaffass Bungalow Ferienhaus.","robots":{"index":"index","follow":"follow","max-snippet":"max-snippet:-1","max-image-preview":"max-image-preview:large","max-video-preview":"max-video-preview:-1"},"canonical":"https:\/\/www.sonnencamping.de\/nl\/accommodaties\/","og_locale":"nl_NL","og_type":"article","og_title":"Mietunterk\u00fcnfte Bungalow Ferienhaus Schlaffass","og_description":"Sonnencamping Albstadt verf\u00fcgt \u00fcber diverse Mietunterk\u00fcnfte, in denen 2 - 4 Personen \u00fcbernachten k\u00f6nnen. Schlaffass Bungalow Ferienhaus.","og_url":"https:\/\/www.sonnencamping.de\/nl\/accommodaties\/","og_site_name":"Sonnencamping Albstadt","article_publisher":"https:\/\/www.facebook.com\/pages\/Sonnencamping-Albstadt\/1621154931501939","article_modified_time":"2025-08-13T10:39:11+00:00","og_image":[{"url":"https:\/\/www.sonnencamping.de\/wp-content\/uploads\/2015\/10\/Logo_Sonnencamping-267x300.jpg","type":"","width":"","height":""}],"twitter_misc":{"Est. reading time":"2 minutes"},"schema":{"@context":"https:\/\/schema.org","@graph":[{"@type":"WebPage","@id":"https:\/\/www.sonnencamping.de\/nl\/accommodaties\/","url":"https:\/\/www.sonnencamping.de\/nl\/accommodaties\/","name":"Mietunterk\u00fcnfte Bungalow Ferienhaus Schlaffass","isPartOf":{"@id":"https:\/\/www.sonnencamping.de\/#website"},"primaryImageOfPage":{"@id":"https:\/\/www.sonnencamping.de\/nl\/accommodaties\/#primaryimage"},"image":{"@id":"https:\/\/www.sonnencamping.de\/nl\/accommodaties\/#primaryimage"},"thumbnailUrl":"https:\/\/www.sonnencamping.de\/wp-content\/uploads\/2015\/10\/Logo_Sonnencamping-267x300.jpg","datePublished":"2017-09-05T08:09:48+00:00","dateModified":"2025-08-13T10:39:11+00:00","description":"Sonnencamping Albstadt verf\u00fcgt \u00fcber diverse Mietunterk\u00fcnfte, in denen 2 - 4 Personen \u00fcbernachten k\u00f6nnen. Schlaffass Bungalow Ferienhaus.","breadcrumb":{"@id":"https:\/\/www.sonnencamping.de\/nl\/accommodaties\/#breadcrumb"},"inLanguage":"nl-NL","potentialAction":[{"@type":"ReadAction","target":["https:\/\/www.sonnencamping.de\/nl\/accommodaties\/"]}]},{"@type":"ImageObject","inLanguage":"nl-NL","@id":"https:\/\/www.sonnencamping.de\/nl\/accommodaties\/#primaryimage","url":"https:\/\/www.sonnencamping.de\/wp-content\/uploads\/2015\/10\/Logo_Sonnencamping-267x300.jpg","contentUrl":"https:\/\/www.sonnencamping.de\/wp-content\/uploads\/2015\/10\/Logo_Sonnencamping-267x300.jpg"},{"@type":"BreadcrumbList","@id":"https:\/\/www.sonnencamping.de\/nl\/accommodaties\/#breadcrumb","itemListElement":[{"@type":"ListItem","position":1,"name":"Home","item":"https:\/\/www.sonnencamping.de\/nl\/"},{"@type":"ListItem","position":2,"name":"Accomodaties"}]},{"@type":"WebSite","@id":"https:\/\/www.sonnencamping.de\/#website","url":"https:\/\/www.sonnencamping.de\/","name":"Sonnencamping Albstadt","description":"Sonnencamping in Albstadt","publisher":{"@id":"https:\/\/www.sonnencamping.de\/#organization"},"potentialAction":[{"@type":"SearchAction","target":{"@type":"EntryPoint","urlTemplate":"https:\/\/www.sonnencamping.de\/?s={search_term_string}"},"query-input":{"@type":"PropertyValueSpecification","valueRequired":true,"valueName":"search_term_string"}}],"inLanguage":"nl-NL"},{"@type":"Organization","@id":"https:\/\/www.sonnencamping.de\/#organization","name":"Sonnencamping Albstadt","url":"https:\/\/www.sonnencamping.de\/","logo":{"@type":"ImageObject","inLanguage":"nl-NL","@id":"https:\/\/www.sonnencamping.de\/#\/schema\/logo\/image\/","url":"https:\/\/www.sonnencamping.de\/wp-content\/uploads\/2025\/02\/Logo_sonnencamping_Nov16.jpg","contentUrl":"https:\/\/www.sonnencamping.de\/wp-content\/uploads\/2025\/02\/Logo_sonnencamping_Nov16.jpg","width":762,"height":856,"caption":"Sonnencamping Albstadt"},"image":{"@id":"https:\/\/www.sonnencamping.de\/#\/schema\/logo\/image\/"},"sameAs":["https:\/\/www.facebook.com\/pages\/Sonnencamping-Albstadt\/1621154931501939"]}]}},"_links":{"self":[{"href":"https:\/\/www.sonnencamping.de\/nl\/wp-json\/wp\/v2\/pages\/2741","targetHints":{"allow":["GET"]}}],"collection":[{"href":"https:\/\/www.sonnencamping.de\/nl\/wp-json\/wp\/v2\/pages"}],"about":[{"href":"https:\/\/www.sonnencamping.de\/nl\/wp-json\/wp\/v2\/types\/page"}],"author":[{"embeddable":true,"href":"https:\/\/www.sonnencamping.de\/nl\/wp-json\/wp\/v2\/users\/1"}],"replies":[{"embeddable":true,"href":"https:\/\/www.sonnencamping.de\/nl\/wp-json\/wp\/v2\/comments?post=2741"}],"version-history":[{"count":4,"href":"https:\/\/www.sonnencamping.de\/nl\/wp-json\/wp\/v2\/pages\/2741\/revisions"}],"predecessor-version":[{"id":14453,"href":"https:\/\/www.sonnencamping.de\/nl\/wp-json\/wp\/v2\/pages\/2741\/revisions\/14453"}],"wp:attachment":[{"href":"https:\/\/www.sonnencamping.de\/nl\/wp-json\/wp\/v2\/media?parent=2741"}],"curies":[{"name":"wp","href":"https:\/\/api.w.org\/{rel}","templated":true}]}}