{"id":2745,"date":"2017-09-05T10:09:48","date_gmt":"2017-09-05T08:09:48","guid":{"rendered":"https:\/\/www.sonnencamping.de\/?page_id=2745\/"},"modified":"2025-08-13T14:57:34","modified_gmt":"2025-08-13T12:57:34","slug":"hebergements","status":"publish","type":"page","link":"https:\/\/www.sonnencamping.de\/fr\/hebergements\/","title":{"rendered":"H\u00e9bergements"},"content":{"rendered":"<div id='full_slider_1'  class='avia-fullwidth-slider main_color avia-shadow   avia-builder-el-0  el_before_av_heading  avia-builder-el-first   container_wrap sidebar_right'  ><div  class='avia-slideshow av-872p8i-6d8624bbdf106525ef46448e0cda1850 avia-slideshow-featured av_slideshow_full avia-slide-slider av-slideshow-ui av-control-default av-slideshow-manual av-loop-once av-loop-manual-endless av-default-height-applied   avia-slideshow-1' data-slideshow-options=\"{&quot;animation&quot;:&quot;slide&quot;,&quot;autoplay&quot;:false,&quot;loop_autoplay&quot;:&quot;once&quot;,&quot;interval&quot;:5,&quot;loop_manual&quot;:&quot;manual-endless&quot;,&quot;autoplay_stopper&quot;:false,&quot;noNavigation&quot;:false,&quot;bg_slider&quot;:false,&quot;keep_padding&quot;:false,&quot;hoverpause&quot;:false,&quot;show_slide_delay&quot;:0}\"  itemprop=\"image\" itemscope=\"itemscope\" itemtype=\"https:\/\/schema.org\/ImageObject\" ><ul class='avia-slideshow-inner ' style='padding-bottom: 33.725490196078%;'><li  class='avia-slideshow-slide av-872p8i-6d8624bbdf106525ef46448e0cda1850__0  av-single-slide slide-1 slide-odd'><div data-rel='slideshow-1' class='avia-slide-wrap '   ><img decoding=\"async\" fetchpriority=\"high\" class=\"wp-image-5793 avia-img-lazy-loading-not-5793\"  src=\"https:\/\/www.sonnencamping.de\/wp-content\/uploads\/2017\/06\/schlaff\u00e4sser.jpg\" width=\"1275\" height=\"430\" title='Tonneaux couchette' alt=''  itemprop=\"thumbnailUrl\" srcset=\"https:\/\/www.sonnencamping.de\/wp-content\/uploads\/2017\/06\/schlaff\u00e4sser.jpg 1500w, https:\/\/www.sonnencamping.de\/wp-content\/uploads\/2017\/06\/schlaff\u00e4sser-300x101.jpg 300w, https:\/\/www.sonnencamping.de\/wp-content\/uploads\/2017\/06\/schlaff\u00e4sser-768x259.jpg 768w, https:\/\/www.sonnencamping.de\/wp-content\/uploads\/2017\/06\/schlaff\u00e4sser-1024x345.jpg 1024w\" sizes=\"(max-width: 1275px) 100vw, 1275px\" \/><\/div><\/li><\/ul><\/div><\/div><div id='after_full_slider_1'  class='main_color av_default_container_wrap container_wrap sidebar_right'  ><div class='container av-section-cont-open' ><div class='template-page content  av-content-small alpha units'><div class='post-entry post-entry-type-page post-entry-2745'><div class='entry-content-wrapper clearfix'>\n\n<style type=\"text\/css\" data-created_by=\"avia_inline_auto\" id=\"style-css-av-av_heading-b0f49503eefdf23ece37d3648bc6afea\">\n#top .av-special-heading.av-av_heading-b0f49503eefdf23ece37d3648bc6afea{\npadding-bottom:10px;\n}\nbody .av-special-heading.av-av_heading-b0f49503eefdf23ece37d3648bc6afea .av-special-heading-tag .heading-char{\nfont-size:25px;\n}\n.av-special-heading.av-av_heading-b0f49503eefdf23ece37d3648bc6afea .av-subheading{\nfont-size:15px;\n}\n<\/style>\n<div  class='av-special-heading av-av_heading-b0f49503eefdf23ece37d3648bc6afea av-special-heading-h1  avia-builder-el-1  el_after_av_slideshow_full  el_before_av_one_third  avia-builder-el-first  av-linked-heading'><h1 class='av-special-heading-tag '  itemprop=\"headline\"  >H\u00e9bergements<\/h1><div class=\"special-heading-border\"><div class=\"special-heading-inner-border\"><\/div><\/div><\/div>\n\n<style type=\"text\/css\" data-created_by=\"avia_inline_auto\" id=\"style-css-av-54nv3m-ee932ac9891767375ec7c223e92396a7\">\n.flex_column.av-54nv3m-ee932ac9891767375ec7c223e92396a7{\nborder-radius:0px 0px 0px 0px;\npadding:0px 0px 0px 0px;\n}\n<\/style>\n<div  class='flex_column av-54nv3m-ee932ac9891767375ec7c223e92396a7 av_one_third  avia-builder-el-2  el_after_av_heading  el_before_av_one_third  first flex_column_div av-zero-column-padding  '     ><section  class='av_textblock_section av-26h7cy-90a6c484fe03fb07779f77f8d12bac1f '   itemscope=\"itemscope\" itemtype=\"https:\/\/schema.org\/CreativeWork\" ><div class='avia_textblock'  itemprop=\"text\" ><p>Sonnencamping Albstadt loue de diff\u00e9rents h\u00e9bergements de vacances pour 2 \u00e0 4 personnes. Que ce soit rustique ou confortable, rond ou carr\u00e9, terre-\u00e0-terre ou au-dessus de tout, vous choississez l&#8217; h\u00e9bergement qui correspond exactement \u00e0 vos attentes.<\/p>\n<p><br class=\"avia-permanent-lb\" \/>Vous pouvez passer vos vacances dans l\u2019un de nos confortables <a href=\"https:\/\/www.sonnencamping.de\/fr\/tonneaux\/\" target=\"_blank\" rel=\"noopener\">tonneaux de camping<\/a> ou dans un <a href=\"https:\/\/www.sonnencamping.de\/fr\/bungalows\/\" target=\"_blank\" rel=\"noopener\">bungalow<\/a> enti\u00e8rement \u00e9quip\u00e9 avec sa propre salle de bain et une kitchenette.<br \/>\n<br class=\"avia-permanent-lb\" \/><\/p>\n<p>Nos <a href=\"https:\/\/www.sonnencamping.de\/fr\/maisons-sur-pilotis\/\" target=\"_blank\" rel=\"noopener\">maisons sur pilotis<\/a> viennent d&#8217;\u00eatre ajout\u00e9s sur la terrasse sup\u00e9rieure du camping &#8211; elles sont comfortables \u00e0 l&#8217;int\u00e9rieur et vous offrent une vue garantie \u00e0 l&#8217;ext\u00e9rieur.<\/p>\n<\/div><\/section><\/div>\n\n<style type=\"text\/css\" data-created_by=\"avia_inline_auto\" id=\"style-css-av-2sbt9e-2f4a5e46508b102e3f64169a51c00101\">\n.flex_column.av-2sbt9e-2f4a5e46508b102e3f64169a51c00101{\nborder-radius:0px 0px 0px 0px;\npadding:0px 0px 0px 0px;\n}\n<\/style>\n<div  class='flex_column av-2sbt9e-2f4a5e46508b102e3f64169a51c00101 av_one_third  avia-builder-el-4  el_after_av_one_third  el_before_av_one_third  flex_column_div av-zero-column-padding  '     ><p>\n<style type=\"text\/css\" data-created_by=\"avia_inline_auto\" id=\"style-css-av-jtfjtz1h-a0e11fad0c75bf8f78282c4c7c6d4b90\">\n.avia-image-container.av-jtfjtz1h-a0e11fad0c75bf8f78282c4c7c6d4b90 img.avia_image{\nbox-shadow:none;\n}\n.avia-image-container.av-jtfjtz1h-a0e11fad0c75bf8f78282c4c7c6d4b90 .av-image-caption-overlay-center{\ncolor:#ffffff;\n}\n<\/style>\n<div  class='avia-image-container av-jtfjtz1h-a0e11fad0c75bf8f78282c4c7c6d4b90 av-styling- av-img-linked avia_animated_image av-animated-when-visible-95 fade-in avia-align-center  avia-builder-el-5  el_before_av_image  avia-builder-el-first '   itemprop=\"image\" itemscope=\"itemscope\" itemtype=\"https:\/\/schema.org\/ImageObject\" ><div class=\"avia-image-container-inner\"><div class=\"avia-image-overlay-wrap\"><a href=\"https:\/\/www.sonnencamping.de\/fr\/tonneaux\/\" class='avia_image '  target=\"_blank\"  rel=\"noopener noreferrer\" aria-label='Tonneaux couchette'><img decoding=\"async\" fetchpriority=\"high\" class='wp-image-6319 avia-img-lazy-loading-not-6319 avia_image ' src=\"https:\/\/www.sonnencamping.de\/wp-content\/uploads\/2019\/04\/Schlaff\u00e4sser-300x157.jpg\" alt='' title='Tonneaux couchette'  height=\"157\" width=\"300\"  itemprop=\"thumbnailUrl\" srcset=\"https:\/\/www.sonnencamping.de\/wp-content\/uploads\/2019\/04\/Schlaff\u00e4sser-300x157.jpg 300w, https:\/\/www.sonnencamping.de\/wp-content\/uploads\/2019\/04\/Schlaff\u00e4sser.jpg 307w\" sizes=\"(max-width: 300px) 100vw, 300px\" \/><\/a><\/div><\/div><\/div><br \/>\n\n<style type=\"text\/css\" data-created_by=\"avia_inline_auto\" id=\"style-css-av-jtfk5ee0-e2e299352c90ba6c7a046707e3a650cc\">\n.avia-image-container.av-jtfk5ee0-e2e299352c90ba6c7a046707e3a650cc img.avia_image{\nbox-shadow:none;\n}\n.avia-image-container.av-jtfk5ee0-e2e299352c90ba6c7a046707e3a650cc .av-image-caption-overlay-center{\ncolor:#ffffff;\n}\n<\/style>\n<div  class='avia-image-container av-jtfk5ee0-e2e299352c90ba6c7a046707e3a650cc av-styling- av-img-linked avia_animated_image av-animated-when-visible-95 fade-in avia-align-center  avia-builder-el-6  el_after_av_image  el_before_av_image '   itemprop=\"image\" itemscope=\"itemscope\" itemtype=\"https:\/\/schema.org\/ImageObject\" ><div class=\"avia-image-container-inner\"><div class=\"avia-image-overlay-wrap\"><a href=\"https:\/\/www.sonnencamping.de\/fr\/bungalows\/\" class='avia_image '  target=\"_blank\"  rel=\"noopener noreferrer\" aria-label='Bungalows'><img decoding=\"async\" fetchpriority=\"high\" class='wp-image-6315 avia-img-lazy-loading-not-6315 avia_image ' src=\"https:\/\/www.sonnencamping.de\/wp-content\/uploads\/2019\/04\/bungalows-300x157.jpg\" alt='' title='Bungalows'  height=\"157\" width=\"300\"  itemprop=\"thumbnailUrl\" srcset=\"https:\/\/www.sonnencamping.de\/wp-content\/uploads\/2019\/04\/bungalows-300x157.jpg 300w, https:\/\/www.sonnencamping.de\/wp-content\/uploads\/2019\/04\/bungalows.jpg 307w\" sizes=\"(max-width: 300px) 100vw, 300px\" \/><\/a><\/div><\/div><\/div><br \/>\n\n<style type=\"text\/css\" data-created_by=\"avia_inline_auto\" id=\"style-css-av-jtfk5ee0-ea9f1c97f53c27926a8689d6f2788f0b\">\n.avia-image-container.av-jtfk5ee0-ea9f1c97f53c27926a8689d6f2788f0b img.avia_image{\nbox-shadow:none;\n}\n.avia-image-container.av-jtfk5ee0-ea9f1c97f53c27926a8689d6f2788f0b .av-image-caption-overlay-center{\ncolor:#ffffff;\n}\n<\/style>\n<div  class='avia-image-container av-jtfk5ee0-ea9f1c97f53c27926a8689d6f2788f0b av-styling- av-img-linked avia_animated_image av-animated-when-visible-95 fade-in avia-align-center  avia-builder-el-7  el_after_av_image  avia-builder-el-last '   itemprop=\"image\" itemscope=\"itemscope\" itemtype=\"https:\/\/schema.org\/ImageObject\" ><div class=\"avia-image-container-inner\"><div class=\"avia-image-overlay-wrap\"><a href=\"https:\/\/www.sonnencamping.de\/fr\/maisons-sur-pilotis\/\" class='avia_image '  target=\"_blank\"  rel=\"noopener noreferrer\" aria-label='Stelzenhaus'><img decoding=\"async\" fetchpriority=\"high\" class='wp-image-8343 avia-img-lazy-loading-not-8343 avia_image ' src=\"https:\/\/www.sonnencamping.de\/wp-content\/uploads\/2020\/07\/Stelzenhaus.jpg\" alt='' title='Stelzenhaus'  height=\"161\" width=\"307\"  itemprop=\"thumbnailUrl\" srcset=\"https:\/\/www.sonnencamping.de\/wp-content\/uploads\/2020\/07\/Stelzenhaus.jpg 307w, https:\/\/www.sonnencamping.de\/wp-content\/uploads\/2020\/07\/Stelzenhaus-300x157.jpg 300w\" sizes=\"(max-width: 307px) 100vw, 307px\" \/><\/a><\/div><\/div><\/div><\/p><\/div>\n<style type=\"text\/css\" data-created_by=\"avia_inline_auto\" id=\"style-css-av-3q9x-89d1104409b39c04f48fbe7dd1bbbefc\">\n.flex_column.av-3q9x-89d1104409b39c04f48fbe7dd1bbbefc{\nborder-radius:0px 0px 0px 0px;\npadding:0px 0px 20px 0px;\n}\n<\/style>\n<div  class='flex_column av-3q9x-89d1104409b39c04f48fbe7dd1bbbefc av_one_third  avia-builder-el-8  el_after_av_one_third  avia-builder-el-last  flex_column_div  '     ><p><div  class='avia-button-wrap avia-button-center  avia-builder-el-9  el_before_av_hr  avia-builder-el-first '>\n<style type=\"text\/css\" data-created_by=\"avia_inline_auto\" id=\"style-css-av-jul19303-22ab8023142bd14c2f7812b2d6a0af81\">\n#top #wrap_all .avia-button.av-jul19303-22ab8023142bd14c2f7812b2d6a0af81:hover{\ncolor:white;\ntransition:all 0.4s ease-in-out;\n}\n#top #wrap_all .avia-button.av-jul19303-22ab8023142bd14c2f7812b2d6a0af81:hover .avia-svg-icon svg:first-child{\nfill:white;\nstroke:white;\n}\n<\/style>\n<a href='https:\/\/www.sonnencamping.de\/fr\/contact-2\/' class='avia-color-theme-color avia-font-color-theme-color avia-button avia-button-fullwidth av-jul19303-22ab8023142bd14c2f7812b2d6a0af81 avia-icon_select-no avia-color-theme-color'  target=\"_blank\"  rel=\"noopener noreferrer\"  aria-label=\"Informations et r\u00e9servation\"><span class='avia_iconbox_title' >Informations et r\u00e9servation<\/span><span class='avia_button_background avia-button avia-button-fullwidth avia-color-theme-color'><\/span><\/a><\/div><br \/>\n\n<style type=\"text\/css\" data-created_by=\"avia_inline_auto\" id=\"style-css-av-jt7e2an7-be8a830c6e1c10a92d95a778ed494c56\">\n#top .hr.hr-invisible.av-jt7e2an7-be8a830c6e1c10a92d95a778ed494c56{\nheight:20px;\n}\n<\/style>\n<div  class='hr av-jt7e2an7-be8a830c6e1c10a92d95a778ed494c56 hr-invisible  avia-builder-el-10  el_after_av_button_big  el_before_av_textblock  avia-builder-el-first '><span class='hr-inner '><span class=\"hr-inner-style\"><\/span><\/span><\/div><br \/>\n<section  class='av_textblock_section av-jt7crgeh-a23147511c0c729d3e7736ae01b9889c '   itemscope=\"itemscope\" itemtype=\"https:\/\/schema.org\/CreativeWork\" ><div class='avia_textblock'  itemprop=\"text\" ><p><a href=\"https:\/\/www.sonnencamping.de\/wp-content\/uploads\/2015\/10\/Logo_Sonnencamping.jpg\"><img loading=\"lazy\" decoding=\"async\" class=\"alignnone size-medium wp-image-1614\" src=\"https:\/\/www.sonnencamping.de\/wp-content\/uploads\/2015\/10\/Logo_Sonnencamping-267x300.jpg\" alt=\"\" width=\"101\" height=\"113\" \/><\/a><\/p>\n<p>Beibruck 54<br \/>\n72458 Albstadt<br \/>\nAllemagne<\/p>\n<\/div><\/section><br \/>\n\n<style type=\"text\/css\" data-created_by=\"avia_inline_auto\" id=\"style-css-av-jt7e2an7-be8a830c6e1c10a92d95a778ed494c56\">\n#top .hr.hr-invisible.av-jt7e2an7-be8a830c6e1c10a92d95a778ed494c56{\nheight:20px;\n}\n<\/style>\n<div  class='hr av-jt7e2an7-be8a830c6e1c10a92d95a778ed494c56 hr-invisible  avia-builder-el-12  el_after_av_textblock  el_before_av_icon_box '><span class='hr-inner '><span class=\"hr-inner-style\"><\/span><\/span><\/div><br \/>\n\n<style type=\"text\/css\" data-created_by=\"avia_inline_auto\" id=\"style-css-av-av_icon_box-ac4c4791202ddea129f34e489236dbd0\">\n.iconbox.av-av_icon_box-ac4c4791202ddea129f34e489236dbd0 .iconbox_icon{\nbackground-color:#fcce14;\ncolor:#ffffff;\n}\n.iconbox.av-av_icon_box-ac4c4791202ddea129f34e489236dbd0 .iconbox_icon.avia-svg-icon svg:first-child{\nfill:#ffffff;\nstroke:#ffffff;\n}\n<\/style>\n<article  class='iconbox iconbox_left av-av_icon_box-ac4c4791202ddea129f34e489236dbd0  avia-builder-el-13  el_after_av_hr  el_before_av_icon_box '  itemscope=\"itemscope\" itemtype=\"https:\/\/schema.org\/CreativeWork\" ><div class=\"iconbox_content\"><header class=\"entry-content-header\" aria-label=\"Ic\u00f4ne : \"><div class='iconbox_icon heading-color avia-iconfont avia-font-entypo-fontello' data-av_icon='\ue854' data-av_iconfont='entypo-fontello'  ><\/div><\/header><div class='iconbox_content_container '  itemprop=\"text\" ><p><a href=\"tel:+4974319370348\" target=\"_blank\" rel=\"noopener\"><span style=\"color: #000000;\">+49 (0)7431 \/ 9370 348<\/span><\/a><\/p>\n<\/div><\/div><footer class=\"entry-footer\"><\/footer><\/article><br \/>\n\n<style type=\"text\/css\" data-created_by=\"avia_inline_auto\" id=\"style-css-av-av_icon_box-4c69630717a67bedfe0700748ebd7498\">\n.iconbox.av-av_icon_box-4c69630717a67bedfe0700748ebd7498 .iconbox_icon{\nbackground-color:#fcce14;\ncolor:#ffffff;\n}\n.iconbox.av-av_icon_box-4c69630717a67bedfe0700748ebd7498 .iconbox_icon.avia-svg-icon svg:first-child{\nfill:#ffffff;\nstroke:#ffffff;\n}\n<\/style>\n<article  class='iconbox iconbox_left av-av_icon_box-4c69630717a67bedfe0700748ebd7498  avia-builder-el-14  el_after_av_icon_box  el_before_av_icon_box '  itemscope=\"itemscope\" itemtype=\"https:\/\/schema.org\/CreativeWork\" ><div class=\"iconbox_content\"><header class=\"entry-content-header\" aria-label=\"Ic\u00f4ne : \"><div class='iconbox_icon heading-color avia-iconfont avia-font-entypo-fontello' data-av_icon='\ue816' data-av_iconfont='entypo-fontello'  ><\/div><\/header><div class='iconbox_content_container '  itemprop=\"text\" ><p><a href=\"tel:+4915256895577\" target=\"_blank\" rel=\"noopener\"><span style=\"color: #000000;\">+49 (0) 152 \/ 56895577<\/span><\/a><\/p>\n<\/div><\/div><footer class=\"entry-footer\"><\/footer><\/article><br \/>\n\n<style type=\"text\/css\" data-created_by=\"avia_inline_auto\" id=\"style-css-av-av_icon_box-dccf405aaf8f2ff1855e2666441afce8\">\n.iconbox.av-av_icon_box-dccf405aaf8f2ff1855e2666441afce8 .iconbox_icon{\nbackground-color:#fcce14;\ncolor:#ffffff;\n}\n.iconbox.av-av_icon_box-dccf405aaf8f2ff1855e2666441afce8 .iconbox_icon.avia-svg-icon svg:first-child{\nfill:#ffffff;\nstroke:#ffffff;\n}\n<\/style>\n<article  class='iconbox iconbox_left av-av_icon_box-dccf405aaf8f2ff1855e2666441afce8  avia-builder-el-15  el_after_av_icon_box  avia-builder-el-last '  itemscope=\"itemscope\" itemtype=\"https:\/\/schema.org\/CreativeWork\" ><div class=\"iconbox_content\"><header class=\"entry-content-header\" aria-label=\"Ic\u00f4ne : \"><div class='iconbox_icon heading-color avia-iconfont avia-font-entypo-fontello' data-av_icon='\ue805' data-av_iconfont='entypo-fontello'  ><\/div><\/header><div class='iconbox_content_container '  itemprop=\"text\" ><p><a href=\"mailto:info@sonnencamping.de\"><span style=\"color: #000000;\">info@sonnencamping.de<\/span><\/a><\/p>\n<\/div><\/div><footer class=\"entry-footer\"><\/footer><\/article><\/p><\/div><\/p>\n","protected":false},"excerpt":{"rendered":"","protected":false},"author":1,"featured_media":0,"parent":0,"menu_order":0,"comment_status":"closed","ping_status":"closed","template":"","meta":{"footnotes":""},"class_list":["post-2745","page","type-page","status-publish","hentry"],"yoast_head":"<!-- This site is optimized with the Yoast SEO plugin v27.2 - https:\/\/yoast.com\/product\/yoast-seo-wordpress\/ -->\n<title>Mietunterk\u00fcnfte Bungalow Ferienhaus Schlaffass<\/title>\n<meta name=\"description\" content=\"Sonnencamping Albstadt verf\u00fcgt \u00fcber diverse Mietunterk\u00fcnfte, in denen 2 - 4 Personen \u00fcbernachten k\u00f6nnen. Schlaffass Bungalow Ferienhaus.\" \/>\n<meta name=\"robots\" content=\"index, follow, max-snippet:-1, max-image-preview:large, max-video-preview:-1\" \/>\n<link rel=\"canonical\" href=\"https:\/\/www.sonnencamping.de\/fr\/hebergements\/\" \/>\n<meta property=\"og:locale\" content=\"fr_FR\" \/>\n<meta property=\"og:type\" content=\"article\" \/>\n<meta property=\"og:title\" content=\"Mietunterk\u00fcnfte Bungalow Ferienhaus Schlaffass\" \/>\n<meta property=\"og:description\" content=\"Sonnencamping Albstadt verf\u00fcgt \u00fcber diverse Mietunterk\u00fcnfte, in denen 2 - 4 Personen \u00fcbernachten k\u00f6nnen. Schlaffass Bungalow Ferienhaus.\" \/>\n<meta property=\"og:url\" content=\"https:\/\/www.sonnencamping.de\/fr\/hebergements\/\" \/>\n<meta property=\"og:site_name\" content=\"Sonnencamping Albstadt\" \/>\n<meta property=\"article:publisher\" content=\"https:\/\/www.facebook.com\/pages\/Sonnencamping-Albstadt\/1621154931501939\" \/>\n<meta property=\"article:modified_time\" content=\"2025-08-13T12:57:34+00:00\" \/>\n<meta property=\"og:image\" content=\"https:\/\/www.sonnencamping.de\/wp-content\/uploads\/2015\/10\/Logo_Sonnencamping-267x300.jpg\" \/>\n<meta name=\"twitter:label1\" content=\"Est. reading time\" \/>\n\t<meta name=\"twitter:data1\" content=\"2 minutes\" \/>\n<script type=\"application\/ld+json\" class=\"yoast-schema-graph\">{\"@context\":\"https:\/\/schema.org\",\"@graph\":[{\"@type\":\"WebPage\",\"@id\":\"https:\/\/www.sonnencamping.de\/fr\/hebergements\/\",\"url\":\"https:\/\/www.sonnencamping.de\/fr\/hebergements\/\",\"name\":\"Mietunterk\u00fcnfte Bungalow Ferienhaus Schlaffass\",\"isPartOf\":{\"@id\":\"https:\/\/www.sonnencamping.de\/#website\"},\"primaryImageOfPage\":{\"@id\":\"https:\/\/www.sonnencamping.de\/fr\/hebergements\/#primaryimage\"},\"image\":{\"@id\":\"https:\/\/www.sonnencamping.de\/fr\/hebergements\/#primaryimage\"},\"thumbnailUrl\":\"https:\/\/www.sonnencamping.de\/wp-content\/uploads\/2015\/10\/Logo_Sonnencamping-267x300.jpg\",\"datePublished\":\"2017-09-05T08:09:48+00:00\",\"dateModified\":\"2025-08-13T12:57:34+00:00\",\"description\":\"Sonnencamping Albstadt verf\u00fcgt \u00fcber diverse Mietunterk\u00fcnfte, in denen 2 - 4 Personen \u00fcbernachten k\u00f6nnen. Schlaffass Bungalow Ferienhaus.\",\"breadcrumb\":{\"@id\":\"https:\/\/www.sonnencamping.de\/fr\/hebergements\/#breadcrumb\"},\"inLanguage\":\"fr-FR\",\"potentialAction\":[{\"@type\":\"ReadAction\",\"target\":[\"https:\/\/www.sonnencamping.de\/fr\/hebergements\/\"]}]},{\"@type\":\"ImageObject\",\"inLanguage\":\"fr-FR\",\"@id\":\"https:\/\/www.sonnencamping.de\/fr\/hebergements\/#primaryimage\",\"url\":\"https:\/\/www.sonnencamping.de\/wp-content\/uploads\/2015\/10\/Logo_Sonnencamping-267x300.jpg\",\"contentUrl\":\"https:\/\/www.sonnencamping.de\/wp-content\/uploads\/2015\/10\/Logo_Sonnencamping-267x300.jpg\"},{\"@type\":\"BreadcrumbList\",\"@id\":\"https:\/\/www.sonnencamping.de\/fr\/hebergements\/#breadcrumb\",\"itemListElement\":[{\"@type\":\"ListItem\",\"position\":1,\"name\":\"Home\",\"item\":\"https:\/\/www.sonnencamping.de\/fr\/\"},{\"@type\":\"ListItem\",\"position\":2,\"name\":\"H\u00e9bergements\"}]},{\"@type\":\"WebSite\",\"@id\":\"https:\/\/www.sonnencamping.de\/#website\",\"url\":\"https:\/\/www.sonnencamping.de\/\",\"name\":\"Sonnencamping Albstadt\",\"description\":\"Sonnencamping in Albstadt\",\"publisher\":{\"@id\":\"https:\/\/www.sonnencamping.de\/#organization\"},\"potentialAction\":[{\"@type\":\"SearchAction\",\"target\":{\"@type\":\"EntryPoint\",\"urlTemplate\":\"https:\/\/www.sonnencamping.de\/?s={search_term_string}\"},\"query-input\":{\"@type\":\"PropertyValueSpecification\",\"valueRequired\":true,\"valueName\":\"search_term_string\"}}],\"inLanguage\":\"fr-FR\"},{\"@type\":\"Organization\",\"@id\":\"https:\/\/www.sonnencamping.de\/#organization\",\"name\":\"Sonnencamping Albstadt\",\"url\":\"https:\/\/www.sonnencamping.de\/\",\"logo\":{\"@type\":\"ImageObject\",\"inLanguage\":\"fr-FR\",\"@id\":\"https:\/\/www.sonnencamping.de\/#\/schema\/logo\/image\/\",\"url\":\"https:\/\/www.sonnencamping.de\/wp-content\/uploads\/2025\/02\/Logo_sonnencamping_Nov16.jpg\",\"contentUrl\":\"https:\/\/www.sonnencamping.de\/wp-content\/uploads\/2025\/02\/Logo_sonnencamping_Nov16.jpg\",\"width\":762,\"height\":856,\"caption\":\"Sonnencamping Albstadt\"},\"image\":{\"@id\":\"https:\/\/www.sonnencamping.de\/#\/schema\/logo\/image\/\"},\"sameAs\":[\"https:\/\/www.facebook.com\/pages\/Sonnencamping-Albstadt\/1621154931501939\"]}]}<\/script>\n<!-- \/ Yoast SEO plugin. -->","yoast_head_json":{"title":"Mietunterk\u00fcnfte Bungalow Ferienhaus Schlaffass","description":"Sonnencamping Albstadt verf\u00fcgt \u00fcber diverse Mietunterk\u00fcnfte, in denen 2 - 4 Personen \u00fcbernachten k\u00f6nnen. Schlaffass Bungalow Ferienhaus.","robots":{"index":"index","follow":"follow","max-snippet":"max-snippet:-1","max-image-preview":"max-image-preview:large","max-video-preview":"max-video-preview:-1"},"canonical":"https:\/\/www.sonnencamping.de\/fr\/hebergements\/","og_locale":"fr_FR","og_type":"article","og_title":"Mietunterk\u00fcnfte Bungalow Ferienhaus Schlaffass","og_description":"Sonnencamping Albstadt verf\u00fcgt \u00fcber diverse Mietunterk\u00fcnfte, in denen 2 - 4 Personen \u00fcbernachten k\u00f6nnen. Schlaffass Bungalow Ferienhaus.","og_url":"https:\/\/www.sonnencamping.de\/fr\/hebergements\/","og_site_name":"Sonnencamping Albstadt","article_publisher":"https:\/\/www.facebook.com\/pages\/Sonnencamping-Albstadt\/1621154931501939","article_modified_time":"2025-08-13T12:57:34+00:00","og_image":[{"url":"https:\/\/www.sonnencamping.de\/wp-content\/uploads\/2015\/10\/Logo_Sonnencamping-267x300.jpg","type":"","width":"","height":""}],"twitter_misc":{"Est. reading time":"2 minutes"},"schema":{"@context":"https:\/\/schema.org","@graph":[{"@type":"WebPage","@id":"https:\/\/www.sonnencamping.de\/fr\/hebergements\/","url":"https:\/\/www.sonnencamping.de\/fr\/hebergements\/","name":"Mietunterk\u00fcnfte Bungalow Ferienhaus Schlaffass","isPartOf":{"@id":"https:\/\/www.sonnencamping.de\/#website"},"primaryImageOfPage":{"@id":"https:\/\/www.sonnencamping.de\/fr\/hebergements\/#primaryimage"},"image":{"@id":"https:\/\/www.sonnencamping.de\/fr\/hebergements\/#primaryimage"},"thumbnailUrl":"https:\/\/www.sonnencamping.de\/wp-content\/uploads\/2015\/10\/Logo_Sonnencamping-267x300.jpg","datePublished":"2017-09-05T08:09:48+00:00","dateModified":"2025-08-13T12:57:34+00:00","description":"Sonnencamping Albstadt verf\u00fcgt \u00fcber diverse Mietunterk\u00fcnfte, in denen 2 - 4 Personen \u00fcbernachten k\u00f6nnen. Schlaffass Bungalow Ferienhaus.","breadcrumb":{"@id":"https:\/\/www.sonnencamping.de\/fr\/hebergements\/#breadcrumb"},"inLanguage":"fr-FR","potentialAction":[{"@type":"ReadAction","target":["https:\/\/www.sonnencamping.de\/fr\/hebergements\/"]}]},{"@type":"ImageObject","inLanguage":"fr-FR","@id":"https:\/\/www.sonnencamping.de\/fr\/hebergements\/#primaryimage","url":"https:\/\/www.sonnencamping.de\/wp-content\/uploads\/2015\/10\/Logo_Sonnencamping-267x300.jpg","contentUrl":"https:\/\/www.sonnencamping.de\/wp-content\/uploads\/2015\/10\/Logo_Sonnencamping-267x300.jpg"},{"@type":"BreadcrumbList","@id":"https:\/\/www.sonnencamping.de\/fr\/hebergements\/#breadcrumb","itemListElement":[{"@type":"ListItem","position":1,"name":"Home","item":"https:\/\/www.sonnencamping.de\/fr\/"},{"@type":"ListItem","position":2,"name":"H\u00e9bergements"}]},{"@type":"WebSite","@id":"https:\/\/www.sonnencamping.de\/#website","url":"https:\/\/www.sonnencamping.de\/","name":"Sonnencamping Albstadt","description":"Sonnencamping in Albstadt","publisher":{"@id":"https:\/\/www.sonnencamping.de\/#organization"},"potentialAction":[{"@type":"SearchAction","target":{"@type":"EntryPoint","urlTemplate":"https:\/\/www.sonnencamping.de\/?s={search_term_string}"},"query-input":{"@type":"PropertyValueSpecification","valueRequired":true,"valueName":"search_term_string"}}],"inLanguage":"fr-FR"},{"@type":"Organization","@id":"https:\/\/www.sonnencamping.de\/#organization","name":"Sonnencamping Albstadt","url":"https:\/\/www.sonnencamping.de\/","logo":{"@type":"ImageObject","inLanguage":"fr-FR","@id":"https:\/\/www.sonnencamping.de\/#\/schema\/logo\/image\/","url":"https:\/\/www.sonnencamping.de\/wp-content\/uploads\/2025\/02\/Logo_sonnencamping_Nov16.jpg","contentUrl":"https:\/\/www.sonnencamping.de\/wp-content\/uploads\/2025\/02\/Logo_sonnencamping_Nov16.jpg","width":762,"height":856,"caption":"Sonnencamping Albstadt"},"image":{"@id":"https:\/\/www.sonnencamping.de\/#\/schema\/logo\/image\/"},"sameAs":["https:\/\/www.facebook.com\/pages\/Sonnencamping-Albstadt\/1621154931501939"]}]}},"_links":{"self":[{"href":"https:\/\/www.sonnencamping.de\/fr\/wp-json\/wp\/v2\/pages\/2745","targetHints":{"allow":["GET"]}}],"collection":[{"href":"https:\/\/www.sonnencamping.de\/fr\/wp-json\/wp\/v2\/pages"}],"about":[{"href":"https:\/\/www.sonnencamping.de\/fr\/wp-json\/wp\/v2\/types\/page"}],"author":[{"embeddable":true,"href":"https:\/\/www.sonnencamping.de\/fr\/wp-json\/wp\/v2\/users\/1"}],"replies":[{"embeddable":true,"href":"https:\/\/www.sonnencamping.de\/fr\/wp-json\/wp\/v2\/comments?post=2745"}],"version-history":[{"count":6,"href":"https:\/\/www.sonnencamping.de\/fr\/wp-json\/wp\/v2\/pages\/2745\/revisions"}],"predecessor-version":[{"id":14541,"href":"https:\/\/www.sonnencamping.de\/fr\/wp-json\/wp\/v2\/pages\/2745\/revisions\/14541"}],"wp:attachment":[{"href":"https:\/\/www.sonnencamping.de\/fr\/wp-json\/wp\/v2\/media?parent=2745"}],"curies":[{"name":"wp","href":"https:\/\/api.w.org\/{rel}","templated":true}]}}