{"id":2704,"date":"2017-09-05T09:06:45","date_gmt":"2017-09-05T07:06:45","guid":{"rendered":"https:\/\/www.sonnencamping.de\/downloads\/"},"modified":"2025-10-08T15:58:04","modified_gmt":"2025-10-08T13:58:04","slug":"downloads","status":"publish","type":"page","link":"https:\/\/www.sonnencamping.de\/en\/downloads\/","title":{"rendered":"Downloads"},"content":{"rendered":"<div id='full_slider_1'  class='avia-fullwidth-slider main_color avia-shadow   avia-builder-el-0  el_before_av_heading  avia-builder-el-first   container_wrap sidebar_right'  ><div  class='avia-slideshow av-jth8zfpu-fafcf6eb481747ed09494521dd68b8bc avia-slideshow-featured av_slideshow_full avia-slide-slider av-slideshow-ui av-control-default av-slideshow-manual av-loop-once av-loop-manual-endless av-default-height-applied   avia-slideshow-1' data-slideshow-options=\"{&quot;animation&quot;:&quot;slide&quot;,&quot;autoplay&quot;:false,&quot;loop_autoplay&quot;:&quot;once&quot;,&quot;interval&quot;:5,&quot;loop_manual&quot;:&quot;manual-endless&quot;,&quot;autoplay_stopper&quot;:false,&quot;noNavigation&quot;:false,&quot;bg_slider&quot;:false,&quot;keep_padding&quot;:false,&quot;hoverpause&quot;:false,&quot;show_slide_delay&quot;:0}\"  itemprop=\"image\" itemscope=\"itemscope\" itemtype=\"https:\/\/schema.org\/ImageObject\" ><ul class='avia-slideshow-inner ' style='padding-bottom: 29.53125%;'><li  class='avia-slideshow-slide av-jth8zfpu-fafcf6eb481747ed09494521dd68b8bc__0  av-single-slide slide-1 slide-odd'><div data-rel='slideshow-1' class='avia-slide-wrap '   ><img decoding=\"async\" fetchpriority=\"high\" class=\"wp-image-8452 avia-img-lazy-loading-not-8452\"  src=\"https:\/\/www.sonnencamping.de\/wp-content\/uploads\/2020\/07\/Fahne.jpg\" width=\"1280\" height=\"378\" title='Fahne' alt=''  itemprop=\"thumbnailUrl\" srcset=\"https:\/\/www.sonnencamping.de\/wp-content\/uploads\/2020\/07\/Fahne.jpg 1280w, https:\/\/www.sonnencamping.de\/wp-content\/uploads\/2020\/07\/Fahne-300x89.jpg 300w, https:\/\/www.sonnencamping.de\/wp-content\/uploads\/2020\/07\/Fahne-1030x304.jpg 1030w, https:\/\/www.sonnencamping.de\/wp-content\/uploads\/2020\/07\/Fahne-768x227.jpg 768w, https:\/\/www.sonnencamping.de\/wp-content\/uploads\/2020\/07\/Fahne-705x208.jpg 705w\" sizes=\"(max-width: 1280px) 100vw, 1280px\" \/><\/div><\/li><\/ul><\/div><\/div><div id='after_full_slider_1'  class='main_color av_default_container_wrap container_wrap sidebar_right'  ><div class='container av-section-cont-open' ><div class='template-page content  av-content-small alpha units'><div class='post-entry post-entry-type-page post-entry-2704'><div class='entry-content-wrapper clearfix'>\n\n<style type=\"text\/css\" data-created_by=\"avia_inline_auto\" id=\"style-css-av-av_heading-3db50cda8feb4e0787610f3e3769e02c\">\n#top .av-special-heading.av-av_heading-3db50cda8feb4e0787610f3e3769e02c{\npadding-bottom:10px;\n}\nbody .av-special-heading.av-av_heading-3db50cda8feb4e0787610f3e3769e02c .av-special-heading-tag .heading-char{\nfont-size:25px;\n}\n.av-special-heading.av-av_heading-3db50cda8feb4e0787610f3e3769e02c .av-subheading{\nfont-size:15px;\n}\n<\/style>\n<div  class='av-special-heading av-av_heading-3db50cda8feb4e0787610f3e3769e02c av-special-heading-h1  avia-builder-el-1  el_after_av_slideshow_full  el_before_av_one_third  avia-builder-el-first  av-linked-heading'><h1 class='av-special-heading-tag '  itemprop=\"headline\"  >Downloads<\/h1><div class=\"special-heading-border\"><div class=\"special-heading-inner-border\"><\/div><\/div><\/div>\n\n<style type=\"text\/css\" data-created_by=\"avia_inline_auto\" id=\"style-css-av-361uq5-4106c5b87f9fd77e13e03fef7f163c1b\">\n.flex_column.av-361uq5-4106c5b87f9fd77e13e03fef7f163c1b{\nborder-radius:0px 0px 0px 0px;\npadding:0px 0px 0px 0px;\n}\n\n@media only screen and (max-width: 479px){ \n.flex_column.av-361uq5-4106c5b87f9fd77e13e03fef7f163c1b{\npadding:0 20px 0 0;\n}\n}\n<\/style>\n<div  class='flex_column av-361uq5-4106c5b87f9fd77e13e03fef7f163c1b av_one_third  avia-builder-el-2  el_after_av_heading  el_before_av_one_third  first flex_column_div av-zero-column-padding  '     ><p><div  class='avia-button-wrap av-jth9ggxk-4344fefaa4f30dce54fbc9d2be15fe82-wrap avia-button-left  avia-builder-el-3  el_before_av_button  avia-builder-el-first '><a href='https:\/\/www.sonnencamping.de\/wp-content\/uploads\/2023\/06\/Flyer_Sonnencamping_eng_Jun23_web.pdf'  class='avia-button av-jth9ggxk-4344fefaa4f30dce54fbc9d2be15fe82 av-link-btn avia-icon_select-no avia-size-large avia-position-left avia-color-theme-color'  target=\"_blank\"  rel=\"noopener noreferrer\"  aria-label=\"Flyer\"><span class='avia_iconbox_title' >Flyer<\/span><\/a><\/div><br \/>\n<div  class='avia-button-wrap av-jth9ggxk-036476f1818dd55981484ced92b3bf1d-wrap avia-button-left  avia-builder-el-4  el_after_av_button  el_before_av_button '><a href='https:\/\/www.sonnencamping.de\/wp-content\/uploads\/2024\/12\/Stellplatzplan_Albstadt_101224-scaled.jpg'  class='avia-button av-jth9ggxk-036476f1818dd55981484ced92b3bf1d av-link-btn avia-icon_select-no avia-size-large avia-position-left avia-color-theme-color'  target=\"_blank\"  rel=\"noopener noreferrer\"  aria-label=\"Campgroundplan\"><span class='avia_iconbox_title' >Campgroundplan<\/span><\/a><\/div><br \/>\n<div  class='avia-button-wrap av-jth9ggxk-baaad247e3ed0c809080c76ff6a18aca-wrap avia-button-left  avia-builder-el-5  el_after_av_button  el_before_av_button '><a href='https:\/\/www.sonnencamping.de\/wp-content\/uploads\/2019\/04\/Campingplatzordnung_11.2014_Sonnencamping_11.11.2014-_final.pdf'  class='avia-button av-jth9ggxk-baaad247e3ed0c809080c76ff6a18aca av-link-btn avia-icon_select-no avia-size-large avia-position-left avia-color-theme-color'  target=\"_blank\"  rel=\"noopener noreferrer\"  aria-label=\"Camping rules\"><span class='avia_iconbox_title' >Camping rules<\/span><\/a><\/div><br \/>\n<div  class='avia-button-wrap av-jth9ggxk-9bb1a4f62173bd2cffe7f49724fbbc19-wrap avia-button-left  avia-builder-el-6  el_after_av_button  el_before_av_button '><a href='https:\/\/www.sonnencamping.de\/wp-content\/uploads\/2021\/02\/Booking-Terms-and-Conditions-Sonnencamping-Albstadt_V-01_21_final-engl-1.pdf'  class='avia-button av-jth9ggxk-9bb1a4f62173bd2cffe7f49724fbbc19 av-link-btn avia-icon_select-no avia-size-large avia-position-left avia-color-theme-color'  target=\"_blank\"  rel=\"noopener noreferrer\"  aria-label=\"Rental conditions\"><span class='avia_iconbox_title' >Rental conditions<\/span><\/a><\/div><br \/>\n<div  class='avia-button-wrap av-jth9ggxk-ce0ee22f61266de599a036482cbf5f1c-wrap avia-button-left  avia-builder-el-7  el_after_av_button  el_before_av_button '><a href='https:\/\/www.sonnencamping.de\/wp-content\/uploads\/2020\/06\/N\u00fctzliche_Adressen.pdf'  class='avia-button av-jth9ggxk-ce0ee22f61266de599a036482cbf5f1c av-link-btn avia-icon_select-no avia-size-large avia-position-left avia-color-theme-color'  target=\"_blank\"  rel=\"noopener noreferrer\"  aria-label=\"Useful addresses\"><span class='avia_iconbox_title' >Useful addresses<\/span><\/a><\/div><br \/>\n<div  class='avia-button-wrap av-jth9ggxk-6459e4f95786a4b194bb3f58c067e9d2-wrap avia-button-left  avia-builder-el-8  el_after_av_button  avia-builder-el-last '><a href='https:\/\/www.sonnencamping.de\/wp-content\/uploads\/2019\/05\/Infografik-Hunde-auf-dem-Campingplatz.pdf'  class='avia-button av-jth9ggxk-6459e4f95786a4b194bb3f58c067e9d2 av-link-btn avia-icon_select-no avia-size-large avia-position-left avia-color-theme-color'  target=\"_blank\"  rel=\"noopener noreferrer\"  aria-label=\"Information for dog owners\"><span class='avia_iconbox_title' >Information for dog owners<\/span><\/a><\/div><\/p><\/div>\n\n<style type=\"text\/css\" data-created_by=\"avia_inline_auto\" id=\"style-css-av-ea165-b54de49031abe0bb689bf0e647e990ec\">\n.flex_column.av-ea165-b54de49031abe0bb689bf0e647e990ec{\nborder-radius:0px 0px 0px 0px;\npadding:0px 0px 0px 0px;\n}\n<\/style>\n<div  class='flex_column av-ea165-b54de49031abe0bb689bf0e647e990ec av_one_third  avia-builder-el-9  el_after_av_one_third  el_before_av_one_third  flex_column_div av-hide-on-mobile av-zero-column-padding  '     ><article  class='iconbox iconbox_top av-jt78twvl-8b1fb300beda5591523d4449bb65effb  avia-builder-el-10  el_before_av_icon_box  avia-builder-el-first  main_color'  itemscope=\"itemscope\" itemtype=\"https:\/\/schema.org\/CreativeWork\" ><div class=\"iconbox_content\"><header class=\"entry-content-header\" aria-label=\"Icon: \"><div class='iconbox_icon heading-color avia-iconfont avia-font-entypo-fontello' data-av_icon='\ue833' data-av_iconfont='entypo-fontello'  ><\/div><\/header><div class='iconbox_content_container '  itemprop=\"text\" ><p style=\"text-align: left;\"><span class=\"tlid-translation translation\" lang=\"en\"><span title=\"\">The campsite is beautiful and wonderful in the sun.<\/span> <span class=\"\" title=\"\">You can go biking, hiking and there&#8217;s a large indoor pool with a slide.<\/span><\/span><\/p>\n<h6 style=\"text-align: left;\">illo, May 2015<\/h6>\n<\/div><\/div><footer class=\"entry-footer\"><\/footer><\/article><br \/>\n<article  class='iconbox iconbox_top av-jt78twvl-8b1fb300beda5591523d4449bb65effb  avia-builder-el-11  el_after_av_icon_box  avia-builder-el-last  main_color'  itemscope=\"itemscope\" itemtype=\"https:\/\/schema.org\/CreativeWork\" ><div class=\"iconbox_content\"><header class=\"entry-content-header\" aria-label=\"Icon: \"><div class='iconbox_icon heading-color avia-iconfont avia-font-entypo-fontello' data-av_icon='\ue833' data-av_iconfont='entypo-fontello'  ><\/div><\/header><div class='iconbox_content_container '  itemprop=\"text\" ><p style=\"text-align: left;\"><span class=\"tlid-translation translation\" lang=\"en\"><span class=\"\" title=\"\">Once again fantastic 15 days.<\/span> <span class=\"\" title=\"\">Beautiful, clean, very friendly staff and great cakes.<\/span> <span title=\"\">We will come back<\/span><\/span>.<\/p>\n<h6 style=\"text-align: left;\">Bianca E., August 2018<\/h6>\n<\/div><\/div><footer class=\"entry-footer\"><\/footer><\/article><\/p><\/div>\n\n<style type=\"text\/css\" data-created_by=\"avia_inline_auto\" id=\"style-css-av-3q9x-896d71e783c514e1ce39960594d74fa1\">\n.flex_column.av-3q9x-896d71e783c514e1ce39960594d74fa1{\nborder-radius:0px 0px 0px 0px;\npadding:0px 0px 20px 0px;\n}\n<\/style>\n<div  class='flex_column av-3q9x-896d71e783c514e1ce39960594d74fa1 av_one_third  avia-builder-el-12  el_after_av_one_third  avia-builder-el-last  flex_column_div av-hide-on-mobile  '     ><p><div  class='avia-buttonrow-wrap av-jt7f1kak-f436e195ee987bdd553d449c1b9b7dbc avia-buttonrow-left  avia-builder-el-13  el_before_av_textblock  avia-builder-el-first '>\n\n<style type=\"text\/css\" data-created_by=\"avia_inline_auto\" id=\"style-css-av-23o92o-16af5c68391882ec25b3f5122133d0fc\">\n#top #wrap_all .avia-button.av-23o92o-16af5c68391882ec25b3f5122133d0fc{\nmargin-bottom:20px;\nmargin-right:20px;\n}\n<\/style>\n<a href=''  class='avia-button av-23o92o-16af5c68391882ec25b3f5122133d0fc avia-icon_select-no avia-size-large avia-color-theme-color'  target=\"_blank\"  rel=\"noopener noreferrer\"  aria-label=\"Enquiry \/ Booking\"><span class='avia_iconbox_title' >Enquiry \/ Booking<\/span><\/a>\n<\/div><br \/>\n<section  class='av_textblock_section av-jt7crgeh-a23147511c0c729d3e7736ae01b9889c '   itemscope=\"itemscope\" itemtype=\"https:\/\/schema.org\/CreativeWork\" ><div class='avia_textblock'  itemprop=\"text\" ><p><a href=\"https:\/\/www.sonnencamping.de\/wp-content\/uploads\/2015\/10\/Logo_Sonnencamping.jpg\"><img loading=\"lazy\" decoding=\"async\" class=\"alignnone size-medium wp-image-1614\" src=\"https:\/\/www.sonnencamping.de\/wp-content\/uploads\/2015\/10\/Logo_Sonnencamping-267x300.jpg\" alt=\"\" width=\"101\" height=\"113\" \/><\/a><\/p>\n<p>Beibruck 54<br \/>\n72458 Albstadt<br \/>\nGermany<\/p>\n<\/div><\/section><br \/>\n\n<style type=\"text\/css\" data-created_by=\"avia_inline_auto\" id=\"style-css-av-jt7e2an7-be8a830c6e1c10a92d95a778ed494c56\">\n#top .hr.hr-invisible.av-jt7e2an7-be8a830c6e1c10a92d95a778ed494c56{\nheight:20px;\n}\n<\/style>\n<div  class='hr av-jt7e2an7-be8a830c6e1c10a92d95a778ed494c56 hr-invisible  avia-builder-el-15  el_after_av_textblock  el_before_av_icon_box '><span class='hr-inner '><span class=\"hr-inner-style\"><\/span><\/span><\/div><br \/>\n\n<style type=\"text\/css\" data-created_by=\"avia_inline_auto\" id=\"style-css-av-av_icon_box-ac4c4791202ddea129f34e489236dbd0\">\n.iconbox.av-av_icon_box-ac4c4791202ddea129f34e489236dbd0 .iconbox_icon{\nbackground-color:#fcce14;\ncolor:#ffffff;\n}\n.iconbox.av-av_icon_box-ac4c4791202ddea129f34e489236dbd0 .iconbox_icon.avia-svg-icon svg:first-child{\nfill:#ffffff;\nstroke:#ffffff;\n}\n<\/style>\n<article  class='iconbox iconbox_left av-av_icon_box-ac4c4791202ddea129f34e489236dbd0  avia-builder-el-16  el_after_av_hr  el_before_av_icon_box '  itemscope=\"itemscope\" itemtype=\"https:\/\/schema.org\/CreativeWork\" ><div class=\"iconbox_content\"><header class=\"entry-content-header\" aria-label=\"Icon: \"><div class='iconbox_icon heading-color avia-iconfont avia-font-entypo-fontello' data-av_icon='\ue854' data-av_iconfont='entypo-fontello'  ><\/div><\/header><div class='iconbox_content_container '  itemprop=\"text\" ><p><a href=\"tel:+4974319370348\" target=\"_blank\" rel=\"noopener\"><span style=\"color: #000000;\">+49 (0)7431 \/ 9370 348<\/span><\/a><\/p>\n<\/div><\/div><footer class=\"entry-footer\"><\/footer><\/article><br \/>\n\n<style type=\"text\/css\" data-created_by=\"avia_inline_auto\" id=\"style-css-av-av_icon_box-4c69630717a67bedfe0700748ebd7498\">\n.iconbox.av-av_icon_box-4c69630717a67bedfe0700748ebd7498 .iconbox_icon{\nbackground-color:#fcce14;\ncolor:#ffffff;\n}\n.iconbox.av-av_icon_box-4c69630717a67bedfe0700748ebd7498 .iconbox_icon.avia-svg-icon svg:first-child{\nfill:#ffffff;\nstroke:#ffffff;\n}\n<\/style>\n<article  class='iconbox iconbox_left av-av_icon_box-4c69630717a67bedfe0700748ebd7498  avia-builder-el-17  el_after_av_icon_box  el_before_av_icon_box '  itemscope=\"itemscope\" itemtype=\"https:\/\/schema.org\/CreativeWork\" ><div class=\"iconbox_content\"><header class=\"entry-content-header\" aria-label=\"Icon: \"><div class='iconbox_icon heading-color avia-iconfont avia-font-entypo-fontello' data-av_icon='\ue816' data-av_iconfont='entypo-fontello'  ><\/div><\/header><div class='iconbox_content_container '  itemprop=\"text\" ><p><a href=\"tel:+4915256895577\" target=\"_blank\" rel=\"noopener\"><span style=\"color: #000000;\">+49 (0) 152 \/ 56895577<\/span><\/a><\/p>\n<\/div><\/div><footer class=\"entry-footer\"><\/footer><\/article><br \/>\n\n<style type=\"text\/css\" data-created_by=\"avia_inline_auto\" id=\"style-css-av-av_icon_box-dccf405aaf8f2ff1855e2666441afce8\">\n.iconbox.av-av_icon_box-dccf405aaf8f2ff1855e2666441afce8 .iconbox_icon{\nbackground-color:#fcce14;\ncolor:#ffffff;\n}\n.iconbox.av-av_icon_box-dccf405aaf8f2ff1855e2666441afce8 .iconbox_icon.avia-svg-icon svg:first-child{\nfill:#ffffff;\nstroke:#ffffff;\n}\n<\/style>\n<article  class='iconbox iconbox_left av-av_icon_box-dccf405aaf8f2ff1855e2666441afce8  avia-builder-el-18  el_after_av_icon_box  avia-builder-el-last '  itemscope=\"itemscope\" itemtype=\"https:\/\/schema.org\/CreativeWork\" ><div class=\"iconbox_content\"><header class=\"entry-content-header\" aria-label=\"Icon: \"><div class='iconbox_icon heading-color avia-iconfont avia-font-entypo-fontello' data-av_icon='\ue805' data-av_iconfont='entypo-fontello'  ><\/div><\/header><div class='iconbox_content_container '  itemprop=\"text\" ><p><a href=\"mailto:info@sonnencamping.de\"><span style=\"color: #000000;\">info@sonnencamping.de<\/span><\/a><\/p>\n<\/div><\/div><footer class=\"entry-footer\"><\/footer><\/article><\/p><\/div>\n","protected":false},"excerpt":{"rendered":"","protected":false},"author":1,"featured_media":0,"parent":0,"menu_order":0,"comment_status":"closed","ping_status":"closed","template":"","meta":{"footnotes":""},"class_list":["post-2704","page","type-page","status-publish","hentry"],"yoast_head":"<!-- This site is optimized with the Yoast SEO plugin v27.2 - https:\/\/yoast.com\/product\/yoast-seo-wordpress\/ -->\n<title>Downloads Gel\u00e4ndeplan Sonnencamping, Flyer, Mietbedingungen<\/title>\n<meta name=\"description\" content=\"Downloads Flyer, Gel\u00e4ndeplan, Mietbedingungen, Einverst\u00e4ndniserkl\u00e4rung f\u00fcr Jugendliche, Infos f\u00fcr Hundehalter, N\u00fctzliche Adressen\" \/>\n<meta name=\"robots\" content=\"index, follow, max-snippet:-1, max-image-preview:large, max-video-preview:-1\" \/>\n<link rel=\"canonical\" href=\"https:\/\/www.sonnencamping.de\/en\/downloads\/\" \/>\n<meta property=\"og:locale\" content=\"en_US\" \/>\n<meta property=\"og:type\" content=\"article\" \/>\n<meta property=\"og:title\" content=\"Downloads Gel\u00e4ndeplan Sonnencamping, Flyer, Mietbedingungen\" \/>\n<meta property=\"og:description\" content=\"Downloads Flyer, Gel\u00e4ndeplan, Mietbedingungen, Einverst\u00e4ndniserkl\u00e4rung f\u00fcr Jugendliche, Infos f\u00fcr Hundehalter, N\u00fctzliche Adressen\" \/>\n<meta property=\"og:url\" content=\"https:\/\/www.sonnencamping.de\/en\/downloads\/\" \/>\n<meta property=\"og:site_name\" content=\"Sonnencamping Albstadt\" \/>\n<meta property=\"article:publisher\" content=\"https:\/\/www.facebook.com\/pages\/Sonnencamping-Albstadt\/1621154931501939\" \/>\n<meta property=\"article:modified_time\" content=\"2025-10-08T13:58:04+00:00\" \/>\n<meta property=\"og:image\" content=\"https:\/\/www.sonnencamping.de\/wp-content\/uploads\/2015\/10\/Logo_Sonnencamping-267x300.jpg\" \/>\n<meta name=\"twitter:label1\" content=\"Est. reading time\" \/>\n\t<meta name=\"twitter:data1\" content=\"1 minute\" \/>\n<script type=\"application\/ld+json\" class=\"yoast-schema-graph\">{\"@context\":\"https:\/\/schema.org\",\"@graph\":[{\"@type\":\"WebPage\",\"@id\":\"https:\/\/www.sonnencamping.de\/en\/downloads\/\",\"url\":\"https:\/\/www.sonnencamping.de\/en\/downloads\/\",\"name\":\"Downloads Gel\u00e4ndeplan Sonnencamping, Flyer, Mietbedingungen\",\"isPartOf\":{\"@id\":\"https:\/\/www.sonnencamping.de\/#website\"},\"primaryImageOfPage\":{\"@id\":\"https:\/\/www.sonnencamping.de\/en\/downloads\/#primaryimage\"},\"image\":{\"@id\":\"https:\/\/www.sonnencamping.de\/en\/downloads\/#primaryimage\"},\"thumbnailUrl\":\"https:\/\/www.sonnencamping.de\/wp-content\/uploads\/2015\/10\/Logo_Sonnencamping-267x300.jpg\",\"datePublished\":\"2017-09-05T07:06:45+00:00\",\"dateModified\":\"2025-10-08T13:58:04+00:00\",\"description\":\"Downloads Flyer, Gel\u00e4ndeplan, Mietbedingungen, Einverst\u00e4ndniserkl\u00e4rung f\u00fcr Jugendliche, Infos f\u00fcr Hundehalter, N\u00fctzliche Adressen\",\"breadcrumb\":{\"@id\":\"https:\/\/www.sonnencamping.de\/en\/downloads\/#breadcrumb\"},\"inLanguage\":\"en-US\",\"potentialAction\":[{\"@type\":\"ReadAction\",\"target\":[\"https:\/\/www.sonnencamping.de\/en\/downloads\/\"]}]},{\"@type\":\"ImageObject\",\"inLanguage\":\"en-US\",\"@id\":\"https:\/\/www.sonnencamping.de\/en\/downloads\/#primaryimage\",\"url\":\"https:\/\/www.sonnencamping.de\/wp-content\/uploads\/2015\/10\/Logo_Sonnencamping-267x300.jpg\",\"contentUrl\":\"https:\/\/www.sonnencamping.de\/wp-content\/uploads\/2015\/10\/Logo_Sonnencamping-267x300.jpg\"},{\"@type\":\"BreadcrumbList\",\"@id\":\"https:\/\/www.sonnencamping.de\/en\/downloads\/#breadcrumb\",\"itemListElement\":[{\"@type\":\"ListItem\",\"position\":1,\"name\":\"Home\",\"item\":\"https:\/\/www.sonnencamping.de\/en\/\"},{\"@type\":\"ListItem\",\"position\":2,\"name\":\"Downloads\"}]},{\"@type\":\"WebSite\",\"@id\":\"https:\/\/www.sonnencamping.de\/#website\",\"url\":\"https:\/\/www.sonnencamping.de\/\",\"name\":\"Sonnencamping Albstadt\",\"description\":\"Sonnencamping in Albstadt\",\"publisher\":{\"@id\":\"https:\/\/www.sonnencamping.de\/#organization\"},\"potentialAction\":[{\"@type\":\"SearchAction\",\"target\":{\"@type\":\"EntryPoint\",\"urlTemplate\":\"https:\/\/www.sonnencamping.de\/?s={search_term_string}\"},\"query-input\":{\"@type\":\"PropertyValueSpecification\",\"valueRequired\":true,\"valueName\":\"search_term_string\"}}],\"inLanguage\":\"en-US\"},{\"@type\":\"Organization\",\"@id\":\"https:\/\/www.sonnencamping.de\/#organization\",\"name\":\"Sonnencamping Albstadt\",\"url\":\"https:\/\/www.sonnencamping.de\/\",\"logo\":{\"@type\":\"ImageObject\",\"inLanguage\":\"en-US\",\"@id\":\"https:\/\/www.sonnencamping.de\/#\/schema\/logo\/image\/\",\"url\":\"https:\/\/www.sonnencamping.de\/wp-content\/uploads\/2025\/02\/Logo_sonnencamping_Nov16.jpg\",\"contentUrl\":\"https:\/\/www.sonnencamping.de\/wp-content\/uploads\/2025\/02\/Logo_sonnencamping_Nov16.jpg\",\"width\":762,\"height\":856,\"caption\":\"Sonnencamping Albstadt\"},\"image\":{\"@id\":\"https:\/\/www.sonnencamping.de\/#\/schema\/logo\/image\/\"},\"sameAs\":[\"https:\/\/www.facebook.com\/pages\/Sonnencamping-Albstadt\/1621154931501939\"]}]}<\/script>\n<!-- \/ Yoast SEO plugin. -->","yoast_head_json":{"title":"Downloads Gel\u00e4ndeplan Sonnencamping, Flyer, Mietbedingungen","description":"Downloads Flyer, Gel\u00e4ndeplan, Mietbedingungen, Einverst\u00e4ndniserkl\u00e4rung f\u00fcr Jugendliche, Infos f\u00fcr Hundehalter, N\u00fctzliche Adressen","robots":{"index":"index","follow":"follow","max-snippet":"max-snippet:-1","max-image-preview":"max-image-preview:large","max-video-preview":"max-video-preview:-1"},"canonical":"https:\/\/www.sonnencamping.de\/en\/downloads\/","og_locale":"en_US","og_type":"article","og_title":"Downloads Gel\u00e4ndeplan Sonnencamping, Flyer, Mietbedingungen","og_description":"Downloads Flyer, Gel\u00e4ndeplan, Mietbedingungen, Einverst\u00e4ndniserkl\u00e4rung f\u00fcr Jugendliche, Infos f\u00fcr Hundehalter, N\u00fctzliche Adressen","og_url":"https:\/\/www.sonnencamping.de\/en\/downloads\/","og_site_name":"Sonnencamping Albstadt","article_publisher":"https:\/\/www.facebook.com\/pages\/Sonnencamping-Albstadt\/1621154931501939","article_modified_time":"2025-10-08T13:58:04+00:00","og_image":[{"url":"https:\/\/www.sonnencamping.de\/wp-content\/uploads\/2015\/10\/Logo_Sonnencamping-267x300.jpg","type":"","width":"","height":""}],"twitter_misc":{"Est. reading time":"1 minute"},"schema":{"@context":"https:\/\/schema.org","@graph":[{"@type":"WebPage","@id":"https:\/\/www.sonnencamping.de\/en\/downloads\/","url":"https:\/\/www.sonnencamping.de\/en\/downloads\/","name":"Downloads Gel\u00e4ndeplan Sonnencamping, Flyer, Mietbedingungen","isPartOf":{"@id":"https:\/\/www.sonnencamping.de\/#website"},"primaryImageOfPage":{"@id":"https:\/\/www.sonnencamping.de\/en\/downloads\/#primaryimage"},"image":{"@id":"https:\/\/www.sonnencamping.de\/en\/downloads\/#primaryimage"},"thumbnailUrl":"https:\/\/www.sonnencamping.de\/wp-content\/uploads\/2015\/10\/Logo_Sonnencamping-267x300.jpg","datePublished":"2017-09-05T07:06:45+00:00","dateModified":"2025-10-08T13:58:04+00:00","description":"Downloads Flyer, Gel\u00e4ndeplan, Mietbedingungen, Einverst\u00e4ndniserkl\u00e4rung f\u00fcr Jugendliche, Infos f\u00fcr Hundehalter, N\u00fctzliche Adressen","breadcrumb":{"@id":"https:\/\/www.sonnencamping.de\/en\/downloads\/#breadcrumb"},"inLanguage":"en-US","potentialAction":[{"@type":"ReadAction","target":["https:\/\/www.sonnencamping.de\/en\/downloads\/"]}]},{"@type":"ImageObject","inLanguage":"en-US","@id":"https:\/\/www.sonnencamping.de\/en\/downloads\/#primaryimage","url":"https:\/\/www.sonnencamping.de\/wp-content\/uploads\/2015\/10\/Logo_Sonnencamping-267x300.jpg","contentUrl":"https:\/\/www.sonnencamping.de\/wp-content\/uploads\/2015\/10\/Logo_Sonnencamping-267x300.jpg"},{"@type":"BreadcrumbList","@id":"https:\/\/www.sonnencamping.de\/en\/downloads\/#breadcrumb","itemListElement":[{"@type":"ListItem","position":1,"name":"Home","item":"https:\/\/www.sonnencamping.de\/en\/"},{"@type":"ListItem","position":2,"name":"Downloads"}]},{"@type":"WebSite","@id":"https:\/\/www.sonnencamping.de\/#website","url":"https:\/\/www.sonnencamping.de\/","name":"Sonnencamping Albstadt","description":"Sonnencamping in Albstadt","publisher":{"@id":"https:\/\/www.sonnencamping.de\/#organization"},"potentialAction":[{"@type":"SearchAction","target":{"@type":"EntryPoint","urlTemplate":"https:\/\/www.sonnencamping.de\/?s={search_term_string}"},"query-input":{"@type":"PropertyValueSpecification","valueRequired":true,"valueName":"search_term_string"}}],"inLanguage":"en-US"},{"@type":"Organization","@id":"https:\/\/www.sonnencamping.de\/#organization","name":"Sonnencamping Albstadt","url":"https:\/\/www.sonnencamping.de\/","logo":{"@type":"ImageObject","inLanguage":"en-US","@id":"https:\/\/www.sonnencamping.de\/#\/schema\/logo\/image\/","url":"https:\/\/www.sonnencamping.de\/wp-content\/uploads\/2025\/02\/Logo_sonnencamping_Nov16.jpg","contentUrl":"https:\/\/www.sonnencamping.de\/wp-content\/uploads\/2025\/02\/Logo_sonnencamping_Nov16.jpg","width":762,"height":856,"caption":"Sonnencamping Albstadt"},"image":{"@id":"https:\/\/www.sonnencamping.de\/#\/schema\/logo\/image\/"},"sameAs":["https:\/\/www.facebook.com\/pages\/Sonnencamping-Albstadt\/1621154931501939"]}]}},"_links":{"self":[{"href":"https:\/\/www.sonnencamping.de\/en\/wp-json\/wp\/v2\/pages\/2704","targetHints":{"allow":["GET"]}}],"collection":[{"href":"https:\/\/www.sonnencamping.de\/en\/wp-json\/wp\/v2\/pages"}],"about":[{"href":"https:\/\/www.sonnencamping.de\/en\/wp-json\/wp\/v2\/types\/page"}],"author":[{"embeddable":true,"href":"https:\/\/www.sonnencamping.de\/en\/wp-json\/wp\/v2\/users\/1"}],"replies":[{"embeddable":true,"href":"https:\/\/www.sonnencamping.de\/en\/wp-json\/wp\/v2\/comments?post=2704"}],"version-history":[{"count":6,"href":"https:\/\/www.sonnencamping.de\/en\/wp-json\/wp\/v2\/pages\/2704\/revisions"}],"predecessor-version":[{"id":14999,"href":"https:\/\/www.sonnencamping.de\/en\/wp-json\/wp\/v2\/pages\/2704\/revisions\/14999"}],"wp:attachment":[{"href":"https:\/\/www.sonnencamping.de\/en\/wp-json\/wp\/v2\/media?parent=2704"}],"curies":[{"name":"wp","href":"https:\/\/api.w.org\/{rel}","templated":true}]}}